{"id":1007,"date":"2024-10-05T18:35:04","date_gmt":"2024-10-05T18:35:04","guid":{"rendered":"http:\/\/rgzv-norden.de\/?page_id=1007"},"modified":"2024-10-21T14:42:06","modified_gmt":"2024-10-21T14:42:06","slug":"erntedankmarkt-norden-2024","status":"publish","type":"page","link":"http:\/\/rgzv-norden.de\/?page_id=1007","title":{"rendered":"Erntedankmarkt Norden 2024"},"content":{"rendered":"\n<p>Auch in diesem Jahr hat der Rassegefl\u00fcgelzuchtverein (RGZV) Norden erfolgreich am Erntedankmarkt in Norden teilgenommen. Gemeinsam mit den Kaninchenz\u00fcchtern und dem Brieftaubenverein pr\u00e4sentierte der RGZV Norden in einem gemeinsamen Zelt eine beeindruckende Vielfalt an Rassegefl\u00fcgel.<\/p>\n\n\n\n<p>Die zahlreichen Besucher hatten die Gelegenheit, einen faszinierenden Einblick in die Vielfalt der Rassegefl\u00fcgel zu erhalten. Der Markt war sehr gut besucht, und der RGZV Norden nutzte die Gelegenheit, um auf die bevorstehende Rassegefl\u00fcgelschau am 19. und 20. Oktober aufmerksam zu machen. Die Schau findet in der Gewerbestra\u00dfe 26 in Norden, gegen\u00fcber dem K\u00fcchenstudio &#8222;K\u00fcchen am Meer&#8220; statt. Bei dieser Veranstaltung werden knapp 300 Tiere und \u00fcber 30 verschiedenen Rassen zu sehen sein.<\/p>\n\n\n\n<figure class=\"wp-block-gallery has-nested-images columns-default is-cropped wp-block-gallery-1 is-layout-flex wp-block-gallery-is-layout-flex\">\n<figure class=\"wp-block-image size-large\"><img loading=\"lazy\" decoding=\"async\" width=\"768\" height=\"1024\" data-id=\"1008\" src=\"http:\/\/rgzv-norden.de\/wp-content\/uploads\/2024\/10\/IMG-20241004-WA0058-768x1024.jpg\" alt=\"\" class=\"wp-image-1008\" srcset=\"http:\/\/rgzv-norden.de\/wp-content\/uploads\/2024\/10\/IMG-20241004-WA0058-768x1024.jpg 768w, http:\/\/rgzv-norden.de\/wp-content\/uploads\/2024\/10\/IMG-20241004-WA0058-225x300.jpg 225w, http:\/\/rgzv-norden.de\/wp-content\/uploads\/2024\/10\/IMG-20241004-WA0058-1152x1536.jpg 1152w, http:\/\/rgzv-norden.de\/wp-content\/uploads\/2024\/10\/IMG-20241004-WA0058.jpg 1200w\" sizes=\"(max-width: 768px) 100vw, 768px\" \/><\/figure>\n\n\n\n<figure class=\"wp-block-image size-large\"><img loading=\"lazy\" decoding=\"async\" width=\"577\" height=\"1024\" data-id=\"1009\" src=\"http:\/\/rgzv-norden.de\/wp-content\/uploads\/2024\/10\/20241005_111759-577x1024.jpg\" alt=\"\" class=\"wp-image-1009\" srcset=\"http:\/\/rgzv-norden.de\/wp-content\/uploads\/2024\/10\/20241005_111759-577x1024.jpg 577w, http:\/\/rgzv-norden.de\/wp-content\/uploads\/2024\/10\/20241005_111759-169x300.jpg 169w, http:\/\/rgzv-norden.de\/wp-content\/uploads\/2024\/10\/20241005_111759-768x1364.jpg 768w, http:\/\/rgzv-norden.de\/wp-content\/uploads\/2024\/10\/20241005_111759-865x1536.jpg 865w, http:\/\/rgzv-norden.de\/wp-content\/uploads\/2024\/10\/20241005_111759-1153x2048.jpg 1153w, http:\/\/rgzv-norden.de\/wp-content\/uploads\/2024\/10\/20241005_111759-scaled.jpg 1442w\" sizes=\"(max-width: 577px) 100vw, 577px\" \/><\/figure>\n\n\n\n<figure class=\"wp-block-image size-large\"><img loading=\"lazy\" decoding=\"async\" width=\"577\" height=\"1024\" data-id=\"1010\" src=\"http:\/\/rgzv-norden.de\/wp-content\/uploads\/2024\/10\/20241005_111544-577x1024.jpg\" alt=\"\" class=\"wp-image-1010\" srcset=\"http:\/\/rgzv-norden.de\/wp-content\/uploads\/2024\/10\/20241005_111544-577x1024.jpg 577w, http:\/\/rgzv-norden.de\/wp-content\/uploads\/2024\/10\/20241005_111544-169x300.jpg 169w, http:\/\/rgzv-norden.de\/wp-content\/uploads\/2024\/10\/20241005_111544-768x1364.jpg 768w, http:\/\/rgzv-norden.de\/wp-content\/uploads\/2024\/10\/20241005_111544-865x1536.jpg 865w, http:\/\/rgzv-norden.de\/wp-content\/uploads\/2024\/10\/20241005_111544-1153x2048.jpg 1153w, http:\/\/rgzv-norden.de\/wp-content\/uploads\/2024\/10\/20241005_111544-scaled.jpg 1442w\" sizes=\"(max-width: 577px) 100vw, 577px\" \/><\/figure>\n\n\n\n<figure class=\"wp-block-image size-large\"><img loading=\"lazy\" decoding=\"async\" width=\"768\" height=\"1024\" data-id=\"1011\" src=\"http:\/\/rgzv-norden.de\/wp-content\/uploads\/2024\/10\/IMG-20241005-WA0013-768x1024.jpg\" alt=\"\" class=\"wp-image-1011\" srcset=\"http:\/\/rgzv-norden.de\/wp-content\/uploads\/2024\/10\/IMG-20241005-WA0013-768x1024.jpg 768w, http:\/\/rgzv-norden.de\/wp-content\/uploads\/2024\/10\/IMG-20241005-WA0013-225x300.jpg 225w, http:\/\/rgzv-norden.de\/wp-content\/uploads\/2024\/10\/IMG-20241005-WA0013-1152x1536.jpg 1152w, http:\/\/rgzv-norden.de\/wp-content\/uploads\/2024\/10\/IMG-20241005-WA0013.jpg 1530w\" sizes=\"(max-width: 768px) 100vw, 768px\" \/><\/figure>\n\n\n\n<figure class=\"wp-block-image size-large\"><img loading=\"lazy\" decoding=\"async\" width=\"768\" height=\"1024\" data-id=\"1012\" src=\"http:\/\/rgzv-norden.de\/wp-content\/uploads\/2024\/10\/IMG-20241005-WA0012-768x1024.jpg\" alt=\"\" class=\"wp-image-1012\" srcset=\"http:\/\/rgzv-norden.de\/wp-content\/uploads\/2024\/10\/IMG-20241005-WA0012-768x1024.jpg 768w, http:\/\/rgzv-norden.de\/wp-content\/uploads\/2024\/10\/IMG-20241005-WA0012-225x300.jpg 225w, http:\/\/rgzv-norden.de\/wp-content\/uploads\/2024\/10\/IMG-20241005-WA0012-1152x1536.jpg 1152w, http:\/\/rgzv-norden.de\/wp-content\/uploads\/2024\/10\/IMG-20241005-WA0012.jpg 1530w\" sizes=\"(max-width: 768px) 100vw, 768px\" \/><\/figure>\n\n\n\n<figure class=\"wp-block-image size-large\"><img loading=\"lazy\" decoding=\"async\" width=\"577\" height=\"1024\" data-id=\"1013\" src=\"http:\/\/rgzv-norden.de\/wp-content\/uploads\/2024\/10\/20241005_111841-577x1024.jpg\" alt=\"\" class=\"wp-image-1013\" srcset=\"http:\/\/rgzv-norden.de\/wp-content\/uploads\/2024\/10\/20241005_111841-577x1024.jpg 577w, http:\/\/rgzv-norden.de\/wp-content\/uploads\/2024\/10\/20241005_111841-169x300.jpg 169w, http:\/\/rgzv-norden.de\/wp-content\/uploads\/2024\/10\/20241005_111841-768x1364.jpg 768w, http:\/\/rgzv-norden.de\/wp-content\/uploads\/2024\/10\/20241005_111841-865x1536.jpg 865w, http:\/\/rgzv-norden.de\/wp-content\/uploads\/2024\/10\/20241005_111841-1153x2048.jpg 1153w, http:\/\/rgzv-norden.de\/wp-content\/uploads\/2024\/10\/20241005_111841-scaled.jpg 1442w\" sizes=\"(max-width: 577px) 100vw, 577px\" \/><\/figure>\n<\/figure>\n","protected":false},"excerpt":{"rendered":"<p>Auch in diesem Jahr hat der Rassegefl\u00fcgelzuchtverein (RGZV) Norden erfolgreich am Erntedankmarkt in Norden teilgenommen. Gemeinsam mit den Kaninchenz\u00fcchtern und dem Brieftaubenverein pr\u00e4sentierte&#8230;<\/p>\n","protected":false},"author":1,"featured_media":0,"parent":947,"menu_order":1,"comment_status":"closed","ping_status":"closed","template":"","meta":{"footnotes":""},"class_list":["post-1007","page","type-page","status-publish","hentry"],"_links":{"self":[{"href":"http:\/\/rgzv-norden.de\/index.php?rest_route=\/wp\/v2\/pages\/1007"}],"collection":[{"href":"http:\/\/rgzv-norden.de\/index.php?rest_route=\/wp\/v2\/pages"}],"about":[{"href":"http:\/\/rgzv-norden.de\/index.php?rest_route=\/wp\/v2\/types\/page"}],"author":[{"embeddable":true,"href":"http:\/\/rgzv-norden.de\/index.php?rest_route=\/wp\/v2\/users\/1"}],"replies":[{"embeddable":true,"href":"http:\/\/rgzv-norden.de\/index.php?rest_route=%2Fwp%2Fv2%2Fcomments&post=1007"}],"version-history":[{"count":2,"href":"http:\/\/rgzv-norden.de\/index.php?rest_route=\/wp\/v2\/pages\/1007\/revisions"}],"predecessor-version":[{"id":1016,"href":"http:\/\/rgzv-norden.de\/index.php?rest_route=\/wp\/v2\/pages\/1007\/revisions\/1016"}],"up":[{"embeddable":true,"href":"http:\/\/rgzv-norden.de\/index.php?rest_route=\/wp\/v2\/pages\/947"}],"wp:attachment":[{"href":"http:\/\/rgzv-norden.de\/index.php?rest_route=%2Fwp%2Fv2%2Fmedia&parent=1007"}],"curies":[{"name":"wp","href":"https:\/\/api.w.org\/{rel}","templated":true}]}}