{"id":1020,"date":"2024-10-21T14:38:56","date_gmt":"2024-10-21T14:38:56","guid":{"rendered":"http:\/\/rgzv-norden.de\/?page_id=1020"},"modified":"2024-10-28T20:41:35","modified_gmt":"2024-10-28T20:41:35","slug":"rassegefluegelschau-2024","status":"publish","type":"page","link":"http:\/\/rgzv-norden.de\/?page_id=1020","title":{"rendered":"Rassegefl\u00fcgelschau in Norden 2024"},"content":{"rendered":"\n<p>Am 19.+20. Oktober 2024 fand die diesj\u00e4hrige Gefl\u00fcgelschau des RGZV Norden statt. <\/p>\n\n\n\n<p>Es wurden 277 Tiere und 31 unterschiedliche Rassen gezeigt, darunter auch seltene und gef\u00e4hrdete Arten. 26 Tiere wurden von der Jugendgruppe gestellt.<\/p>\n\n\n\n<p>Die Veranstaltung verzeichnete einen Anstieg der Besucherzahlen im Vergleich zu den Vorjahren und war f\u00fcr den Verein ein voller Erfolg. Besonders beliebt war in diesem Jahr die gro\u00dfe Tombola.<\/p>\n\n\n\n<p>F\u00fcr das leibliche Wohl wurde mit Grillw\u00fcrstchen, selbstgemachten Salaten sowie verschiedenen Kuchen und frischem Popcorn gesorgt. Die Veranstaltung bot Unterhaltung f\u00fcr alle Altersgruppen.<\/p>\n\n\n\n<p>Die Vereinsmeister 2024 wurden in den verschiedenen Kategorien:<\/p>\n\n\n\n<p><\/p>\n\n\n\n<ul class=\"wp-block-list\">\n<li><strong>Wassergefl\u00fcgel:<\/strong> Hans-J\u00fcrgen Rieger mit seinen Vorster Enten<\/li>\n\n\n\n<li><strong>Gro\u00dfe&nbsp;H\u00fchner<\/strong>:&nbsp;Dieter&nbsp;Becker&nbsp;mit&nbsp;seinen&nbsp;Marans<\/li>\n\n\n\n<li><strong>Zwergh\u00fchner<\/strong>:&nbsp;Hinrich&nbsp;Popinger&nbsp;mit&nbsp;seinen&nbsp;Zwerg-Rheinl\u00e4ndern<\/li>\n\n\n\n<li><strong>Tauben<\/strong>:&nbsp;Katja&nbsp;Becker&nbsp;mit&nbsp;ihren&nbsp;Eistauben<\/li>\n\n\n\n<li><strong>Jugendklasse:<\/strong> Lea Siemers mit ihren Sebright<\/li>\n<\/ul>\n\n\n\n<p>Wir&nbsp;bedanken uns bei den vielen helfenden H\u00e4nden und der Firma &#8222;K\u00fcchen am Meer&#8220;, f\u00fcr die Bereitstellung der R\u00e4umlichkeiten und freuen uns bereits auf die n\u00e4chste Ausstellung.&nbsp;<\/p>\n\n\n\n<div class=\"wp-block-columns is-layout-flex wp-container-core-columns-is-layout-4 wp-block-columns-is-layout-flex\">\n<div class=\"wp-block-column is-layout-flow wp-block-column-is-layout-flow\" style=\"flex-basis:100%\">\n<div class=\"wp-block-columns is-layout-flex wp-container-core-columns-is-layout-3 wp-block-columns-is-layout-flex\">\n<div class=\"wp-block-column is-layout-flow wp-block-column-is-layout-flow\" style=\"flex-basis:100%\">\n<div class=\"wp-block-columns is-layout-flex wp-container-core-columns-is-layout-2 wp-block-columns-is-layout-flex\">\n<div class=\"wp-block-column is-layout-flow wp-block-column-is-layout-flow\" style=\"flex-basis:100%\">\n<div class=\"wp-block-columns is-layout-flex wp-container-core-columns-is-layout-1 wp-block-columns-is-layout-flex\">\n<div class=\"wp-block-column is-layout-flow wp-block-column-is-layout-flow\" style=\"flex-basis:66.66%\">\n<figure class=\"wp-block-gallery has-nested-images columns-default is-cropped wp-block-gallery-1 is-layout-flex wp-block-gallery-is-layout-flex\">\n<figure class=\"wp-block-image size-large\"><img loading=\"lazy\" decoding=\"async\" width=\"1024\" height=\"577\" src=\"http:\/\/rgzv-norden.de\/wp-content\/uploads\/2024\/10\/20241019_113922-1-1024x577.jpg\" alt=\"\" class=\"wp-image-1036\" srcset=\"http:\/\/rgzv-norden.de\/wp-content\/uploads\/2024\/10\/20241019_113922-1-1024x577.jpg 1024w, http:\/\/rgzv-norden.de\/wp-content\/uploads\/2024\/10\/20241019_113922-1-300x169.jpg 300w, http:\/\/rgzv-norden.de\/wp-content\/uploads\/2024\/10\/20241019_113922-1-768x432.jpg 768w, http:\/\/rgzv-norden.de\/wp-content\/uploads\/2024\/10\/20241019_113922-1-1280x720.jpg 1280w, http:\/\/rgzv-norden.de\/wp-content\/uploads\/2024\/10\/20241019_113922-1-1536x865.jpg 1536w, http:\/\/rgzv-norden.de\/wp-content\/uploads\/2024\/10\/20241019_113922-1-2048x1153.jpg 2048w\" sizes=\"(max-width: 1024px) 100vw, 1024px\" \/><\/figure>\n<\/figure>\n\n\n\n<p><\/p>\n\n\n\n<figure class=\"wp-block-image size-large\"><img loading=\"lazy\" decoding=\"async\" width=\"1024\" height=\"577\" src=\"http:\/\/rgzv-norden.de\/wp-content\/uploads\/2024\/10\/20241019_114059-1-1024x577.jpg\" alt=\"\" class=\"wp-image-1038\" srcset=\"http:\/\/rgzv-norden.de\/wp-content\/uploads\/2024\/10\/20241019_114059-1-1024x577.jpg 1024w, http:\/\/rgzv-norden.de\/wp-content\/uploads\/2024\/10\/20241019_114059-1-300x169.jpg 300w, http:\/\/rgzv-norden.de\/wp-content\/uploads\/2024\/10\/20241019_114059-1-768x432.jpg 768w, http:\/\/rgzv-norden.de\/wp-content\/uploads\/2024\/10\/20241019_114059-1-1280x720.jpg 1280w, http:\/\/rgzv-norden.de\/wp-content\/uploads\/2024\/10\/20241019_114059-1-1536x865.jpg 1536w, http:\/\/rgzv-norden.de\/wp-content\/uploads\/2024\/10\/20241019_114059-1-2048x1153.jpg 2048w\" sizes=\"(max-width: 1024px) 100vw, 1024px\" \/><\/figure>\n<\/div>\n\n\n\n<div class=\"wp-block-column is-layout-flow wp-block-column-is-layout-flow\" style=\"flex-basis:33.33%\">\n<figure class=\"wp-block-image size-large\"><img loading=\"lazy\" decoding=\"async\" width=\"577\" height=\"1024\" src=\"http:\/\/rgzv-norden.de\/wp-content\/uploads\/2024\/10\/20241019_114148-1-577x1024.jpg\" alt=\"\" class=\"wp-image-1037\" srcset=\"http:\/\/rgzv-norden.de\/wp-content\/uploads\/2024\/10\/20241019_114148-1-577x1024.jpg 577w, http:\/\/rgzv-norden.de\/wp-content\/uploads\/2024\/10\/20241019_114148-1-169x300.jpg 169w, http:\/\/rgzv-norden.de\/wp-content\/uploads\/2024\/10\/20241019_114148-1-768x1364.jpg 768w, http:\/\/rgzv-norden.de\/wp-content\/uploads\/2024\/10\/20241019_114148-1-865x1536.jpg 865w, http:\/\/rgzv-norden.de\/wp-content\/uploads\/2024\/10\/20241019_114148-1-1153x2048.jpg 1153w, http:\/\/rgzv-norden.de\/wp-content\/uploads\/2024\/10\/20241019_114148-1-scaled.jpg 1442w\" sizes=\"(max-width: 577px) 100vw, 577px\" \/><\/figure>\n<\/div>\n<\/div>\n<\/div>\n<\/div>\n<\/div>\n<\/div>\n<\/div>\n<\/div>\n\n\n\n<p><\/p>\n\n\n\n<div class=\"wp-block-columns is-layout-flex wp-container-core-columns-is-layout-5 wp-block-columns-is-layout-flex\">\n<div class=\"wp-block-column is-layout-flow wp-block-column-is-layout-flow\">\n<figure class=\"wp-block-gallery has-nested-images columns-default is-cropped wp-block-gallery-2 is-layout-flex wp-block-gallery-is-layout-flex\">\n<figure class=\"wp-block-image size-large\"><img loading=\"lazy\" decoding=\"async\" width=\"768\" height=\"1024\" src=\"http:\/\/rgzv-norden.de\/wp-content\/uploads\/2024\/10\/20241020_140837-768x1024.jpg\" alt=\"\" class=\"wp-image-1032\" srcset=\"http:\/\/rgzv-norden.de\/wp-content\/uploads\/2024\/10\/20241020_140837-768x1024.jpg 768w, http:\/\/rgzv-norden.de\/wp-content\/uploads\/2024\/10\/20241020_140837-225x300.jpg 225w, http:\/\/rgzv-norden.de\/wp-content\/uploads\/2024\/10\/20241020_140837-1152x1536.jpg 1152w, http:\/\/rgzv-norden.de\/wp-content\/uploads\/2024\/10\/20241020_140837-1536x2048.jpg 1536w, http:\/\/rgzv-norden.de\/wp-content\/uploads\/2024\/10\/20241020_140837-scaled.jpg 1920w\" sizes=\"(max-width: 768px) 100vw, 768px\" \/><\/figure>\n<\/figure>\n<\/div>\n\n\n\n<div class=\"wp-block-column is-layout-flow wp-block-column-is-layout-flow\">\n<figure class=\"wp-block-image size-large\"><img loading=\"lazy\" decoding=\"async\" width=\"768\" height=\"1024\" src=\"http:\/\/rgzv-norden.de\/wp-content\/uploads\/2024\/10\/20241020_140949-1-768x1024.jpg\" alt=\"\" class=\"wp-image-1039\" srcset=\"http:\/\/rgzv-norden.de\/wp-content\/uploads\/2024\/10\/20241020_140949-1-768x1024.jpg 768w, http:\/\/rgzv-norden.de\/wp-content\/uploads\/2024\/10\/20241020_140949-1-225x300.jpg 225w, http:\/\/rgzv-norden.de\/wp-content\/uploads\/2024\/10\/20241020_140949-1-1152x1536.jpg 1152w, http:\/\/rgzv-norden.de\/wp-content\/uploads\/2024\/10\/20241020_140949-1-1536x2048.jpg 1536w, http:\/\/rgzv-norden.de\/wp-content\/uploads\/2024\/10\/20241020_140949-1-scaled.jpg 1920w\" sizes=\"(max-width: 768px) 100vw, 768px\" \/><\/figure>\n<\/div>\n<\/div>\n\n\n\n<p><\/p>\n\n\n\n<div class=\"wp-block-columns is-layout-flex wp-container-core-columns-is-layout-6 wp-block-columns-is-layout-flex\">\n<div class=\"wp-block-column is-layout-flow wp-block-column-is-layout-flow\">\n<figure class=\"wp-block-image size-large\"><img loading=\"lazy\" decoding=\"async\" width=\"768\" height=\"1024\" src=\"http:\/\/rgzv-norden.de\/wp-content\/uploads\/2024\/10\/20241020_141048-2-768x1024.jpg\" alt=\"\" class=\"wp-image-1042\" srcset=\"http:\/\/rgzv-norden.de\/wp-content\/uploads\/2024\/10\/20241020_141048-2-768x1024.jpg 768w, http:\/\/rgzv-norden.de\/wp-content\/uploads\/2024\/10\/20241020_141048-2-225x300.jpg 225w, http:\/\/rgzv-norden.de\/wp-content\/uploads\/2024\/10\/20241020_141048-2-1152x1536.jpg 1152w, http:\/\/rgzv-norden.de\/wp-content\/uploads\/2024\/10\/20241020_141048-2-1536x2048.jpg 1536w, http:\/\/rgzv-norden.de\/wp-content\/uploads\/2024\/10\/20241020_141048-2-scaled.jpg 1920w\" sizes=\"(max-width: 768px) 100vw, 768px\" \/><\/figure>\n<\/div>\n\n\n\n<div class=\"wp-block-column is-layout-flow wp-block-column-is-layout-flow\">\n<figure class=\"wp-block-image size-large\"><img loading=\"lazy\" decoding=\"async\" width=\"768\" height=\"1024\" src=\"http:\/\/rgzv-norden.de\/wp-content\/uploads\/2024\/10\/IMG-20241021-WA0003-768x1024.jpg\" alt=\"\" class=\"wp-image-1050\" srcset=\"http:\/\/rgzv-norden.de\/wp-content\/uploads\/2024\/10\/IMG-20241021-WA0003-768x1024.jpg 768w, http:\/\/rgzv-norden.de\/wp-content\/uploads\/2024\/10\/IMG-20241021-WA0003-225x300.jpg 225w, http:\/\/rgzv-norden.de\/wp-content\/uploads\/2024\/10\/IMG-20241021-WA0003-1152x1536.jpg 1152w, http:\/\/rgzv-norden.de\/wp-content\/uploads\/2024\/10\/IMG-20241021-WA0003.jpg 1530w\" sizes=\"(max-width: 768px) 100vw, 768px\" \/><\/figure>\n<\/div>\n\n\n\n<div class=\"wp-block-column is-layout-flow wp-block-column-is-layout-flow\">\n<figure class=\"wp-block-image size-large\"><img loading=\"lazy\" decoding=\"async\" width=\"768\" height=\"1024\" src=\"http:\/\/rgzv-norden.de\/wp-content\/uploads\/2024\/10\/64c8f75c43534553b78c64fab14a9cb3-768x1024.jpg\" alt=\"\" class=\"wp-image-1051\" srcset=\"http:\/\/rgzv-norden.de\/wp-content\/uploads\/2024\/10\/64c8f75c43534553b78c64fab14a9cb3-768x1024.jpg 768w, http:\/\/rgzv-norden.de\/wp-content\/uploads\/2024\/10\/64c8f75c43534553b78c64fab14a9cb3-225x300.jpg 225w, http:\/\/rgzv-norden.de\/wp-content\/uploads\/2024\/10\/64c8f75c43534553b78c64fab14a9cb3-1152x1536.jpg 1152w, http:\/\/rgzv-norden.de\/wp-content\/uploads\/2024\/10\/64c8f75c43534553b78c64fab14a9cb3.jpg 1530w\" sizes=\"(max-width: 768px) 100vw, 768px\" \/><\/figure>\n<\/div>\n<\/div>\n\n\n\n<p><\/p>\n\n\n\n<div class=\"wp-block-columns is-layout-flex wp-container-core-columns-is-layout-7 wp-block-columns-is-layout-flex\">\n<div class=\"wp-block-column is-layout-flow wp-block-column-is-layout-flow\">\n<figure class=\"wp-block-image size-large\"><img loading=\"lazy\" decoding=\"async\" width=\"768\" height=\"1024\" src=\"http:\/\/rgzv-norden.de\/wp-content\/uploads\/2024\/10\/IMG-20241021-WA0004-1-768x1024.jpg\" alt=\"\" class=\"wp-image-1054\" srcset=\"http:\/\/rgzv-norden.de\/wp-content\/uploads\/2024\/10\/IMG-20241021-WA0004-1-768x1024.jpg 768w, http:\/\/rgzv-norden.de\/wp-content\/uploads\/2024\/10\/IMG-20241021-WA0004-1-225x300.jpg 225w, http:\/\/rgzv-norden.de\/wp-content\/uploads\/2024\/10\/IMG-20241021-WA0004-1-1152x1536.jpg 1152w, http:\/\/rgzv-norden.de\/wp-content\/uploads\/2024\/10\/IMG-20241021-WA0004-1.jpg 1200w\" sizes=\"(max-width: 768px) 100vw, 768px\" \/><\/figure>\n<\/div>\n\n\n\n<div class=\"wp-block-column is-layout-flow wp-block-column-is-layout-flow\">\n<figure class=\"wp-block-image size-large\"><img loading=\"lazy\" decoding=\"async\" width=\"768\" height=\"1024\" src=\"http:\/\/rgzv-norden.de\/wp-content\/uploads\/2024\/10\/01a555db4f8a42beb73d2d9815f71e15-768x1024.jpg\" alt=\"\" class=\"wp-image-1055\" srcset=\"http:\/\/rgzv-norden.de\/wp-content\/uploads\/2024\/10\/01a555db4f8a42beb73d2d9815f71e15-768x1024.jpg 768w, http:\/\/rgzv-norden.de\/wp-content\/uploads\/2024\/10\/01a555db4f8a42beb73d2d9815f71e15-225x300.jpg 225w, http:\/\/rgzv-norden.de\/wp-content\/uploads\/2024\/10\/01a555db4f8a42beb73d2d9815f71e15-1152x1536.jpg 1152w, http:\/\/rgzv-norden.de\/wp-content\/uploads\/2024\/10\/01a555db4f8a42beb73d2d9815f71e15.jpg 1530w\" sizes=\"(max-width: 768px) 100vw, 768px\" \/><\/figure>\n<\/div>\n\n\n\n<div class=\"wp-block-column is-layout-flow wp-block-column-is-layout-flow\">\n<figure class=\"wp-block-image size-large\"><img loading=\"lazy\" decoding=\"async\" width=\"768\" height=\"1024\" src=\"http:\/\/rgzv-norden.de\/wp-content\/uploads\/2024\/10\/IMG-20241021-WA0002-1-768x1024.jpg\" alt=\"\" class=\"wp-image-1056\" srcset=\"http:\/\/rgzv-norden.de\/wp-content\/uploads\/2024\/10\/IMG-20241021-WA0002-1-768x1024.jpg 768w, http:\/\/rgzv-norden.de\/wp-content\/uploads\/2024\/10\/IMG-20241021-WA0002-1-225x300.jpg 225w, http:\/\/rgzv-norden.de\/wp-content\/uploads\/2024\/10\/IMG-20241021-WA0002-1-1152x1536.jpg 1152w, http:\/\/rgzv-norden.de\/wp-content\/uploads\/2024\/10\/IMG-20241021-WA0002-1.jpg 1200w\" sizes=\"(max-width: 768px) 100vw, 768px\" \/><\/figure>\n<\/div>\n<\/div>\n\n\n\n<div data-wp-interactive=\"core\/file\" class=\"wp-block-file\"><object data-wp-bind--hidden=\"!state.hasPdfPreview\"  class=\"wp-block-file__embed\" data=\"http:\/\/rgzv-norden.de\/wp-content\/uploads\/2024\/10\/Nachlese-Gefluegelschau-Norden-2024-2.pdf\" type=\"application\/pdf\" style=\"width:100%;height:600px\" aria-label=\"Einbettung von Nachlese Gefl\u00fcgelschau Norden 2024.\"><\/object><a id=\"wp-block-file--media-c909616f-b5ed-4f13-a439-c88db62c2fcf\" href=\"http:\/\/rgzv-norden.de\/wp-content\/uploads\/2024\/10\/Nachlese-Gefluegelschau-Norden-2024-2.pdf\">Nachlese Gefl\u00fcgelschau Norden 2024<\/a><a href=\"http:\/\/rgzv-norden.de\/wp-content\/uploads\/2024\/10\/Nachlese-Gefluegelschau-Norden-2024-2.pdf\" class=\"wp-block-file__button wp-element-button\" download aria-describedby=\"wp-block-file--media-c909616f-b5ed-4f13-a439-c88db62c2fcf\">Herunterladen<\/a><\/div>\n","protected":false},"excerpt":{"rendered":"<p>Am 19.+20. Oktober 2024 fand die diesj\u00e4hrige Gefl\u00fcgelschau des RGZV Norden statt. Es wurden 277 Tiere und 31 unterschiedliche Rassen gezeigt, darunter auch&#8230;<\/p>\n","protected":false},"author":1,"featured_media":0,"parent":947,"menu_order":0,"comment_status":"closed","ping_status":"closed","template":"","meta":{"footnotes":""},"class_list":["post-1020","page","type-page","status-publish","hentry"],"_links":{"self":[{"href":"http:\/\/rgzv-norden.de\/index.php?rest_route=\/wp\/v2\/pages\/1020"}],"collection":[{"href":"http:\/\/rgzv-norden.de\/index.php?rest_route=\/wp\/v2\/pages"}],"about":[{"href":"http:\/\/rgzv-norden.de\/index.php?rest_route=\/wp\/v2\/types\/page"}],"author":[{"embeddable":true,"href":"http:\/\/rgzv-norden.de\/index.php?rest_route=\/wp\/v2\/users\/1"}],"replies":[{"embeddable":true,"href":"http:\/\/rgzv-norden.de\/index.php?rest_route=%2Fwp%2Fv2%2Fcomments&post=1020"}],"version-history":[{"count":19,"href":"http:\/\/rgzv-norden.de\/index.php?rest_route=\/wp\/v2\/pages\/1020\/revisions"}],"predecessor-version":[{"id":1115,"href":"http:\/\/rgzv-norden.de\/index.php?rest_route=\/wp\/v2\/pages\/1020\/revisions\/1115"}],"up":[{"embeddable":true,"href":"http:\/\/rgzv-norden.de\/index.php?rest_route=\/wp\/v2\/pages\/947"}],"wp:attachment":[{"href":"http:\/\/rgzv-norden.de\/index.php?rest_route=%2Fwp%2Fv2%2Fmedia&parent=1020"}],"curies":[{"name":"wp","href":"https:\/\/api.w.org\/{rel}","templated":true}]}}