{"id":1232,"date":"2025-03-17T18:27:38","date_gmt":"2025-03-17T18:27:38","guid":{"rendered":"http:\/\/rgzv-norden.de\/?page_id=1232"},"modified":"2025-03-17T18:30:04","modified_gmt":"2025-03-17T18:30:04","slug":"wangerland-2025","status":"publish","type":"page","link":"http:\/\/rgzv-norden.de\/?page_id=1232","title":{"rendered":"Wangerland 2025"},"content":{"rendered":"\n<h2 class=\"wp-block-heading\"><strong>Jugend des RGZV Norden: Ein Ausflug mit gro\u00dfem Spa\u00dffaktor<\/strong><\/h2>\n\n\n\n<div class=\"wp-block-media-text is-stacked-on-mobile\" style=\"grid-template-columns:31% auto\"><figure class=\"wp-block-media-text__media\"><img loading=\"lazy\" decoding=\"async\" width=\"577\" height=\"1024\" src=\"http:\/\/rgzv-norden.de\/wp-content\/uploads\/2025\/03\/20250316_144758-577x1024.jpg\" alt=\"\" class=\"wp-image-1233 size-full\" srcset=\"http:\/\/rgzv-norden.de\/wp-content\/uploads\/2025\/03\/20250316_144758-577x1024.jpg 577w, http:\/\/rgzv-norden.de\/wp-content\/uploads\/2025\/03\/20250316_144758-169x300.jpg 169w, http:\/\/rgzv-norden.de\/wp-content\/uploads\/2025\/03\/20250316_144758-768x1364.jpg 768w, http:\/\/rgzv-norden.de\/wp-content\/uploads\/2025\/03\/20250316_144758-865x1536.jpg 865w, http:\/\/rgzv-norden.de\/wp-content\/uploads\/2025\/03\/20250316_144758-1153x2048.jpg 1153w, http:\/\/rgzv-norden.de\/wp-content\/uploads\/2025\/03\/20250316_144758-scaled.jpg 1442w\" sizes=\"(max-width: 577px) 100vw, 577px\" \/><\/figure><div class=\"wp-block-media-text__content\">\n<p>Das Wochenende bot Anlass f\u00fcr eine kleine Flucht aus dem Alltag, als die Jugendgruppe des Rassegefl\u00fcgelzuchtvereins Norden mit Jugendleiter Marcel Ambra\u00df am gestrigen Sonntag den Indoorspielplatz des Wangerland erkundete. Mit vier tapferen Teilnehmer*innen, bedingt durch einige Absagen im Vorfeld, machte sich die Gruppe auf, um die Attraktionen der Region zu entdecken \u2013 und wurde nicht entt\u00e4uscht.<\/p>\n\n\n\n<p>Der Indoorspielplatz erwies sich als Highlight des Tages. Fahrgesch\u00e4fte, Kletterger\u00fcste und ein Hauch von Abenteuerland boten ausreichend Gelegenheit, den Bewegungsdrang zu stillen und lautstark den Spa\u00dfpegel zu erh\u00f6hen. W\u00e4hrend drau\u00dfen das Fr\u00fchlingswetter noch zaghaft Einzug hielt, wurde drinnen getobt, gelacht und gemeinsam neue H\u00f6hen erobert.<\/p>\n\n\n\n<p>\u201eEs war einfach ein toller Tag\u201c, res\u00fcmierten alle Teilnehmer.<\/p>\n\n\n\n<p>Der n\u00e4chste Ausflug der Jugend ist schon geplant: Am 18. Mai steht ein Besuch im Erlebnisbad Ocean Wave an. Mit der Aussicht auf Wellen, Rutschen und spritziges Vergn\u00fcgen hofft der Verein auf eine gr\u00f6\u00dfere Beteiligung \u2013 und mindestens genauso viel Spa\u00df wie an diesem Sonntag.<\/p>\n\n\n\n<p><\/p>\n\n\n\n<p><\/p>\n\n\n\n<p><\/p>\n\n\n\n<p><\/p>\n\n\n\n<p><\/p>\n<\/div><\/div>\n\n\n\n<p><\/p>\n","protected":false},"excerpt":{"rendered":"<p>Jugend des RGZV Norden: Ein Ausflug mit gro\u00dfem Spa\u00dffaktor Das Wochenende bot Anlass f\u00fcr eine kleine Flucht aus dem Alltag, als die Jugendgruppe&#8230;<\/p>\n","protected":false},"author":1,"featured_media":0,"parent":214,"menu_order":0,"comment_status":"closed","ping_status":"closed","template":"","meta":{"footnotes":""},"class_list":["post-1232","page","type-page","status-publish","hentry"],"_links":{"self":[{"href":"http:\/\/rgzv-norden.de\/index.php?rest_route=\/wp\/v2\/pages\/1232"}],"collection":[{"href":"http:\/\/rgzv-norden.de\/index.php?rest_route=\/wp\/v2\/pages"}],"about":[{"href":"http:\/\/rgzv-norden.de\/index.php?rest_route=\/wp\/v2\/types\/page"}],"author":[{"embeddable":true,"href":"http:\/\/rgzv-norden.de\/index.php?rest_route=\/wp\/v2\/users\/1"}],"replies":[{"embeddable":true,"href":"http:\/\/rgzv-norden.de\/index.php?rest_route=%2Fwp%2Fv2%2Fcomments&post=1232"}],"version-history":[{"count":5,"href":"http:\/\/rgzv-norden.de\/index.php?rest_route=\/wp\/v2\/pages\/1232\/revisions"}],"predecessor-version":[{"id":1238,"href":"http:\/\/rgzv-norden.de\/index.php?rest_route=\/wp\/v2\/pages\/1232\/revisions\/1238"}],"up":[{"embeddable":true,"href":"http:\/\/rgzv-norden.de\/index.php?rest_route=\/wp\/v2\/pages\/214"}],"wp:attachment":[{"href":"http:\/\/rgzv-norden.de\/index.php?rest_route=%2Fwp%2Fv2%2Fmedia&parent=1232"}],"curies":[{"name":"wp","href":"https:\/\/api.w.org\/{rel}","templated":true}]}}