{"id":1243,"date":"2025-04-13T18:32:52","date_gmt":"2025-04-13T18:32:52","guid":{"rendered":"http:\/\/rgzv-norden.de\/?page_id=1243"},"modified":"2025-04-13T18:33:11","modified_gmt":"2025-04-13T18:33:11","slug":"bosseln-2025","status":"publish","type":"page","link":"http:\/\/rgzv-norden.de\/?page_id=1243","title":{"rendered":"Bo\u00dfeln 2025"},"content":{"rendered":"\n<p>Fr\u00fchlingssonne und gute Laune begleiteten den Rassegefl\u00fcgelzuchtverein (RGZV) Norden am Samstag bei seiner traditionellen Bo\u00dfeltour. Die norddeutsche Heimatverbundenheit wurde auf den malerischen Wegen rund um Norden zelebriert. Mit von der Partie: Elf Teilnehmer aller Altersklassen, die sich dem friesischen Nationalsport mit Enthusiasmus widmeten.<\/p>\n\n\n\n<p>\u201eDas Bo\u00dfeln ist bei uns weit mehr als ein Spiel \u2013 es ist gelebte Gemeinschaft,\u201c so ein Teilnehmer. Und diese stand tats\u00e4chlich im Mittelpunkt: Ob beim Wetteifern um die besten W\u00fcrfe oder dem herzlichen Austausch zwischendurch, der Spa\u00df war stets die Hauptzutat.<\/p>\n\n\n\n<p>Den gelungenen Abschluss des Tages bildete das traditionelle Gr\u00fcnkohlessen, das Leib und Seele gleicherma\u00dfen verw\u00f6hnte. Unter herzhaftem Gel\u00e4chter und mit zufriedenen Blicken endete ein Tag voller Bewegung, Natur und Verbundenheit. Die Veranstaltung unterstrich einmal mehr, wie stark Tradition und Gemeinschaft die Region pr\u00e4gen. <\/p>\n\n\n\n<p>Ein Tag, der nach Wiederholung schreit!<\/p>\n\n\n\n<figure class=\"wp-block-gallery has-nested-images columns-default is-cropped wp-block-gallery-1 is-layout-flex wp-block-gallery-is-layout-flex\">\n<figure class=\"wp-block-image size-large\"><img loading=\"lazy\" decoding=\"async\" width=\"768\" height=\"1024\" data-id=\"1246\" src=\"http:\/\/rgzv-norden.de\/wp-content\/uploads\/2025\/04\/IMG-20250412-WA0047-768x1024.jpg\" alt=\"\" class=\"wp-image-1246\" srcset=\"http:\/\/rgzv-norden.de\/wp-content\/uploads\/2025\/04\/IMG-20250412-WA0047-768x1024.jpg 768w, http:\/\/rgzv-norden.de\/wp-content\/uploads\/2025\/04\/IMG-20250412-WA0047-225x300.jpg 225w, http:\/\/rgzv-norden.de\/wp-content\/uploads\/2025\/04\/IMG-20250412-WA0047-1152x1536.jpg 1152w, http:\/\/rgzv-norden.de\/wp-content\/uploads\/2025\/04\/IMG-20250412-WA0047.jpg 1200w\" sizes=\"(max-width: 768px) 100vw, 768px\" \/><\/figure>\n\n\n\n<figure class=\"wp-block-image size-large\"><img loading=\"lazy\" decoding=\"async\" width=\"768\" height=\"1024\" data-id=\"1247\" src=\"http:\/\/rgzv-norden.de\/wp-content\/uploads\/2025\/04\/IMG-20250412-WA0044-768x1024.jpg\" alt=\"\" class=\"wp-image-1247\" srcset=\"http:\/\/rgzv-norden.de\/wp-content\/uploads\/2025\/04\/IMG-20250412-WA0044-768x1024.jpg 768w, http:\/\/rgzv-norden.de\/wp-content\/uploads\/2025\/04\/IMG-20250412-WA0044-225x300.jpg 225w, http:\/\/rgzv-norden.de\/wp-content\/uploads\/2025\/04\/IMG-20250412-WA0044-1152x1536.jpg 1152w, http:\/\/rgzv-norden.de\/wp-content\/uploads\/2025\/04\/IMG-20250412-WA0044.jpg 1200w\" sizes=\"(max-width: 768px) 100vw, 768px\" \/><\/figure>\n\n\n\n<figure class=\"wp-block-image size-large\"><img loading=\"lazy\" decoding=\"async\" width=\"768\" height=\"1024\" data-id=\"1245\" src=\"http:\/\/rgzv-norden.de\/wp-content\/uploads\/2025\/04\/IMG-20250412-WA0042-768x1024.jpg\" alt=\"\" class=\"wp-image-1245\" srcset=\"http:\/\/rgzv-norden.de\/wp-content\/uploads\/2025\/04\/IMG-20250412-WA0042-768x1024.jpg 768w, http:\/\/rgzv-norden.de\/wp-content\/uploads\/2025\/04\/IMG-20250412-WA0042-225x300.jpg 225w, http:\/\/rgzv-norden.de\/wp-content\/uploads\/2025\/04\/IMG-20250412-WA0042-1152x1536.jpg 1152w, http:\/\/rgzv-norden.de\/wp-content\/uploads\/2025\/04\/IMG-20250412-WA0042.jpg 1200w\" sizes=\"(max-width: 768px) 100vw, 768px\" \/><\/figure>\n\n\n\n<figure class=\"wp-block-image size-large\"><img loading=\"lazy\" decoding=\"async\" width=\"768\" height=\"1024\" data-id=\"1244\" src=\"http:\/\/rgzv-norden.de\/wp-content\/uploads\/2025\/04\/IMG-20250412-WA0034-768x1024.jpg\" alt=\"\" class=\"wp-image-1244\" srcset=\"http:\/\/rgzv-norden.de\/wp-content\/uploads\/2025\/04\/IMG-20250412-WA0034-768x1024.jpg 768w, http:\/\/rgzv-norden.de\/wp-content\/uploads\/2025\/04\/IMG-20250412-WA0034-225x300.jpg 225w, http:\/\/rgzv-norden.de\/wp-content\/uploads\/2025\/04\/IMG-20250412-WA0034-1152x1536.jpg 1152w, http:\/\/rgzv-norden.de\/wp-content\/uploads\/2025\/04\/IMG-20250412-WA0034.jpg 1200w\" sizes=\"(max-width: 768px) 100vw, 768px\" \/><\/figure>\n\n\n\n<figure class=\"wp-block-image size-large\"><img loading=\"lazy\" decoding=\"async\" width=\"768\" height=\"1024\" data-id=\"1248\" src=\"http:\/\/rgzv-norden.de\/wp-content\/uploads\/2025\/04\/IMG-20250412-WA0023-768x1024.jpg\" alt=\"\" class=\"wp-image-1248\" srcset=\"http:\/\/rgzv-norden.de\/wp-content\/uploads\/2025\/04\/IMG-20250412-WA0023-768x1024.jpg 768w, http:\/\/rgzv-norden.de\/wp-content\/uploads\/2025\/04\/IMG-20250412-WA0023-225x300.jpg 225w, http:\/\/rgzv-norden.de\/wp-content\/uploads\/2025\/04\/IMG-20250412-WA0023-1152x1536.jpg 1152w, http:\/\/rgzv-norden.de\/wp-content\/uploads\/2025\/04\/IMG-20250412-WA0023.jpg 1500w\" sizes=\"(max-width: 768px) 100vw, 768px\" \/><\/figure>\n\n\n\n<figure class=\"wp-block-image size-large\"><img loading=\"lazy\" decoding=\"async\" width=\"768\" height=\"1024\" data-id=\"1249\" src=\"http:\/\/rgzv-norden.de\/wp-content\/uploads\/2025\/04\/IMG-20250412-WA0020-768x1024.jpg\" alt=\"\" class=\"wp-image-1249\" srcset=\"http:\/\/rgzv-norden.de\/wp-content\/uploads\/2025\/04\/IMG-20250412-WA0020-768x1024.jpg 768w, http:\/\/rgzv-norden.de\/wp-content\/uploads\/2025\/04\/IMG-20250412-WA0020-225x300.jpg 225w, http:\/\/rgzv-norden.de\/wp-content\/uploads\/2025\/04\/IMG-20250412-WA0020-1152x1536.jpg 1152w, http:\/\/rgzv-norden.de\/wp-content\/uploads\/2025\/04\/IMG-20250412-WA0020.jpg 1500w\" sizes=\"(max-width: 768px) 100vw, 768px\" \/><\/figure>\n\n\n\n<figure class=\"wp-block-image size-large\"><img loading=\"lazy\" decoding=\"async\" width=\"768\" height=\"1024\" data-id=\"1250\" src=\"http:\/\/rgzv-norden.de\/wp-content\/uploads\/2025\/04\/IMG-20250412-WA0012-768x1024.jpg\" alt=\"\" class=\"wp-image-1250\" srcset=\"http:\/\/rgzv-norden.de\/wp-content\/uploads\/2025\/04\/IMG-20250412-WA0012-768x1024.jpg 768w, http:\/\/rgzv-norden.de\/wp-content\/uploads\/2025\/04\/IMG-20250412-WA0012-225x300.jpg 225w, http:\/\/rgzv-norden.de\/wp-content\/uploads\/2025\/04\/IMG-20250412-WA0012-1152x1536.jpg 1152w, http:\/\/rgzv-norden.de\/wp-content\/uploads\/2025\/04\/IMG-20250412-WA0012.jpg 1200w\" sizes=\"(max-width: 768px) 100vw, 768px\" \/><\/figure>\n<\/figure>\n","protected":false},"excerpt":{"rendered":"<p>Fr\u00fchlingssonne und gute Laune begleiteten den Rassegefl\u00fcgelzuchtverein (RGZV) Norden am Samstag bei seiner traditionellen Bo\u00dfeltour. Die norddeutsche Heimatverbundenheit wurde auf den malerischen Wegen&#8230;<\/p>\n","protected":false},"author":1,"featured_media":0,"parent":947,"menu_order":-1,"comment_status":"closed","ping_status":"closed","template":"","meta":{"footnotes":""},"class_list":["post-1243","page","type-page","status-publish","hentry"],"_links":{"self":[{"href":"http:\/\/rgzv-norden.de\/index.php?rest_route=\/wp\/v2\/pages\/1243"}],"collection":[{"href":"http:\/\/rgzv-norden.de\/index.php?rest_route=\/wp\/v2\/pages"}],"about":[{"href":"http:\/\/rgzv-norden.de\/index.php?rest_route=\/wp\/v2\/types\/page"}],"author":[{"embeddable":true,"href":"http:\/\/rgzv-norden.de\/index.php?rest_route=\/wp\/v2\/users\/1"}],"replies":[{"embeddable":true,"href":"http:\/\/rgzv-norden.de\/index.php?rest_route=%2Fwp%2Fv2%2Fcomments&post=1243"}],"version-history":[{"count":1,"href":"http:\/\/rgzv-norden.de\/index.php?rest_route=\/wp\/v2\/pages\/1243\/revisions"}],"predecessor-version":[{"id":1251,"href":"http:\/\/rgzv-norden.de\/index.php?rest_route=\/wp\/v2\/pages\/1243\/revisions\/1251"}],"up":[{"embeddable":true,"href":"http:\/\/rgzv-norden.de\/index.php?rest_route=\/wp\/v2\/pages\/947"}],"wp:attachment":[{"href":"http:\/\/rgzv-norden.de\/index.php?rest_route=%2Fwp%2Fv2%2Fmedia&parent=1243"}],"curies":[{"name":"wp","href":"https:\/\/api.w.org\/{rel}","templated":true}]}}