{"id":1267,"date":"2025-08-24T12:46:59","date_gmt":"2025-08-24T12:46:59","guid":{"rendered":"http:\/\/rgzv-norden.de\/?page_id=1267"},"modified":"2025-08-24T12:47:52","modified_gmt":"2025-08-24T12:47:52","slug":"kraeherfest-2025","status":"publish","type":"page","link":"http:\/\/rgzv-norden.de\/?page_id=1267","title":{"rendered":"Kr\u00e4herfest 2025"},"content":{"rendered":"\n<p><strong>Wenn die H\u00e4hne z\u00e4hlen: Das Kr\u00e4herfest in Norden<\/strong><\/p>\n\n\n\n<p>Norden, Sonntagvormittag. W\u00e4hrend anderswo das Wochenende noch im Kaffeebecher schlummert, hallt es hier schon 239 Mal durch die Luft: \u201eKikeriki!\u201c \u2013 oder was immer H\u00e4hne so als Weckruf bevorzugen. Der Rassegefl\u00fcgelzuchtverein (RGZV) Norden hat zum traditionellen Kr\u00e4herfest geladen, und 14 stolze H\u00e4hne traten an, um in 20 Minuten m\u00f6glichst oft ihre Stimme zu erheben.<\/p>\n\n\n\n<p>Kr\u00e4henwettbewerbe haben eine lange Geschichte. Fr\u00fcher war das Kr\u00e4hverhalten tats\u00e4chlich ein Kriterium bei der Zucht: Je ausdauernder und klarer der Hahn kr\u00e4hte, desto gr\u00f6\u00dfer sein Prestige \u2013 und das seines Z\u00fcchters. Heute nimmt man das Ganze mit mehr Humor. Denn in Zeiten, in denen Zuchtziele Gesundheit, Vitalit\u00e4t und Rassemerkmale hei\u00dfen, wird das Kr\u00e4hkonzert eher als launiges Ritual gepflegt.<\/p>\n\n\n\n<p>Drei Kategorien standen auf dem Programm: gro\u00dfe H\u00fchner, Zwergh\u00fchner und die Jugend.<\/p>\n\n\n\n<p>\u00b7 <strong>Jugend<\/strong>: Der siebenj\u00e4hrige Erik Hintz gewann souver\u00e4n mit seinem Kr\u00fcper-Hahn, der es auf exakt 20 Kr\u00e4he brachte.<\/p>\n\n\n\n<p>\u00b7 <strong>Gro\u00dfe H\u00fchner<\/strong>: Michael Feeken setzte sich mit einem New-Hampshire-Hahn durch, der in 20 Minuten ganze 37 Mal kr\u00e4hte. Zwei seiner Konkurrenten allerdings schwiegen standhaft: Der La-Flech\u00e9-Hahn von Torsten Hintz und der Barnevelder von Jasmin Hintz. Hier entschied das Los um den \u201ePreis f\u00fcrs Schweigen\u201c \u2013 ein Glas saure Gurken, das an Torsten Hintz ging.<\/p>\n\n\n\n<p>\u00b7 <strong>Zwergh\u00fchner<\/strong>: Melanie Feeken gewann mit einem Zwerg-Australorp, der 38 Mal die Stimme erhob. Auch hier gab es einen Kandidaten, der keine Lust hatte: Der Zwerg-Maran des Vorsitzenden Dieter Becker blieb stumm \u2013 und bekam daf\u00fcr ebenfalls die Gurken-Troph\u00e4e.<\/p>\n\n\n\n<p>Warum kr\u00e4hn die H\u00e4hne eigentlich so oft, wenn sie nebeneinander in K\u00e4figen stehen? Ganz einfach: Jeder will zeigen, dass er der Platzhirsch im Konzert der Kehlen ist. Es ist ein lebhaftes, ja fast fr\u00f6hliches Wettstreiten \u2013 in freier Haltung kr\u00e4hen H\u00e4hne deutlich seltener.<\/p>\n\n\n\n<p>Insgesamt standen sich 14 Tiere gegen\u00fcber, die zusammen 239 Kr\u00e4her beisteuerten \u2013 122 von den gro\u00dfen Rassen, 117 von den Zwergen. Nach getaner Z\u00e4hlerei wurde gegrillt, gelacht und gefachsimpelt.<\/p>\n\n\n\n<p>Der RGZV Norden dankte allen Teilnehmer:innen und den vielen helfenden H\u00e4nden. Und weil nach dem Fest immer auch vor der n\u00e4chsten Schau ist: Am 18. und 19. Oktober \u00f6ffnet der Verein wieder seine T\u00fcren zur Gefl\u00fcgelausstellung in der Gewerbestra\u00dfe 26 in Norden, direkt neben \u201eK\u00fcchen am Meer\u201c. Wer Lust auf Glucken, Gackern und Gefieder hat, ist herzlich eingeladen.<\/p>\n\n\n\n<figure class=\"wp-block-gallery has-nested-images columns-default is-cropped wp-block-gallery-1 is-layout-flex wp-block-gallery-is-layout-flex\">\n<figure class=\"wp-block-image size-large\"><img loading=\"lazy\" decoding=\"async\" width=\"524\" height=\"1024\" data-id=\"1270\" src=\"http:\/\/rgzv-norden.de\/wp-content\/uploads\/2025\/08\/20250824_1219061-524x1024.jpg\" alt=\"\" class=\"wp-image-1270\" srcset=\"http:\/\/rgzv-norden.de\/wp-content\/uploads\/2025\/08\/20250824_1219061-524x1024.jpg 524w, http:\/\/rgzv-norden.de\/wp-content\/uploads\/2025\/08\/20250824_1219061-153x300.jpg 153w, http:\/\/rgzv-norden.de\/wp-content\/uploads\/2025\/08\/20250824_1219061-768x1501.jpg 768w, http:\/\/rgzv-norden.de\/wp-content\/uploads\/2025\/08\/20250824_1219061-786x1536.jpg 786w, http:\/\/rgzv-norden.de\/wp-content\/uploads\/2025\/08\/20250824_1219061-1048x2048.jpg 1048w, http:\/\/rgzv-norden.de\/wp-content\/uploads\/2025\/08\/20250824_1219061-scaled.jpg 1309w\" sizes=\"(max-width: 524px) 100vw, 524px\" \/><\/figure>\n\n\n\n<figure class=\"wp-block-image size-large\"><img loading=\"lazy\" decoding=\"async\" width=\"577\" height=\"1024\" data-id=\"1269\" src=\"http:\/\/rgzv-norden.de\/wp-content\/uploads\/2025\/08\/1000084997-577x1024.jpg\" alt=\"\" class=\"wp-image-1269\" srcset=\"http:\/\/rgzv-norden.de\/wp-content\/uploads\/2025\/08\/1000084997-577x1024.jpg 577w, http:\/\/rgzv-norden.de\/wp-content\/uploads\/2025\/08\/1000084997-169x300.jpg 169w, http:\/\/rgzv-norden.de\/wp-content\/uploads\/2025\/08\/1000084997-768x1364.jpg 768w, http:\/\/rgzv-norden.de\/wp-content\/uploads\/2025\/08\/1000084997-865x1536.jpg 865w, http:\/\/rgzv-norden.de\/wp-content\/uploads\/2025\/08\/1000084997.jpg 1153w\" sizes=\"(max-width: 577px) 100vw, 577px\" \/><\/figure>\n\n\n\n<figure class=\"wp-block-image size-large\"><img loading=\"lazy\" decoding=\"async\" width=\"577\" height=\"1024\" data-id=\"1268\" src=\"http:\/\/rgzv-norden.de\/wp-content\/uploads\/2025\/08\/1000084994-577x1024.jpg\" alt=\"\" class=\"wp-image-1268\" srcset=\"http:\/\/rgzv-norden.de\/wp-content\/uploads\/2025\/08\/1000084994-577x1024.jpg 577w, http:\/\/rgzv-norden.de\/wp-content\/uploads\/2025\/08\/1000084994-169x300.jpg 169w, http:\/\/rgzv-norden.de\/wp-content\/uploads\/2025\/08\/1000084994-768x1364.jpg 768w, http:\/\/rgzv-norden.de\/wp-content\/uploads\/2025\/08\/1000084994-865x1536.jpg 865w, http:\/\/rgzv-norden.de\/wp-content\/uploads\/2025\/08\/1000084994.jpg 1153w\" sizes=\"(max-width: 577px) 100vw, 577px\" \/><\/figure>\n<\/figure>\n\n\n\n<figure class=\"wp-block-gallery has-nested-images columns-default is-cropped wp-block-gallery-2 is-layout-flex wp-block-gallery-is-layout-flex\">\n<figure class=\"wp-block-image size-large\"><img loading=\"lazy\" decoding=\"async\" width=\"768\" height=\"1024\" data-id=\"1274\" src=\"http:\/\/rgzv-norden.de\/wp-content\/uploads\/2025\/08\/IMG-20250824-WA0037-768x1024.jpg\" alt=\"\" class=\"wp-image-1274\" srcset=\"http:\/\/rgzv-norden.de\/wp-content\/uploads\/2025\/08\/IMG-20250824-WA0037-768x1024.jpg 768w, http:\/\/rgzv-norden.de\/wp-content\/uploads\/2025\/08\/IMG-20250824-WA0037-225x300.jpg 225w, http:\/\/rgzv-norden.de\/wp-content\/uploads\/2025\/08\/IMG-20250824-WA0037-1152x1536.jpg 1152w, http:\/\/rgzv-norden.de\/wp-content\/uploads\/2025\/08\/IMG-20250824-WA0037.jpg 1500w\" sizes=\"(max-width: 768px) 100vw, 768px\" \/><\/figure>\n\n\n\n<figure class=\"wp-block-image size-large\"><img loading=\"lazy\" decoding=\"async\" width=\"768\" height=\"1024\" data-id=\"1271\" src=\"http:\/\/rgzv-norden.de\/wp-content\/uploads\/2025\/08\/IMG-20250824-WA0028-768x1024.jpg\" alt=\"\" class=\"wp-image-1271\" srcset=\"http:\/\/rgzv-norden.de\/wp-content\/uploads\/2025\/08\/IMG-20250824-WA0028-768x1024.jpg 768w, http:\/\/rgzv-norden.de\/wp-content\/uploads\/2025\/08\/IMG-20250824-WA0028-225x300.jpg 225w, http:\/\/rgzv-norden.de\/wp-content\/uploads\/2025\/08\/IMG-20250824-WA0028-1152x1536.jpg 1152w, http:\/\/rgzv-norden.de\/wp-content\/uploads\/2025\/08\/IMG-20250824-WA0028.jpg 1500w\" sizes=\"(max-width: 768px) 100vw, 768px\" \/><\/figure>\n\n\n\n<figure class=\"wp-block-image size-large\"><img loading=\"lazy\" decoding=\"async\" width=\"768\" height=\"1024\" data-id=\"1275\" src=\"http:\/\/rgzv-norden.de\/wp-content\/uploads\/2025\/08\/IMG-20250824-WA0038-768x1024.jpg\" alt=\"\" class=\"wp-image-1275\" srcset=\"http:\/\/rgzv-norden.de\/wp-content\/uploads\/2025\/08\/IMG-20250824-WA0038-768x1024.jpg 768w, http:\/\/rgzv-norden.de\/wp-content\/uploads\/2025\/08\/IMG-20250824-WA0038-225x300.jpg 225w, http:\/\/rgzv-norden.de\/wp-content\/uploads\/2025\/08\/IMG-20250824-WA0038-1152x1536.jpg 1152w, http:\/\/rgzv-norden.de\/wp-content\/uploads\/2025\/08\/IMG-20250824-WA0038.jpg 1500w\" sizes=\"(max-width: 768px) 100vw, 768px\" \/><\/figure>\n\n\n\n<figure class=\"wp-block-image size-large\"><img loading=\"lazy\" decoding=\"async\" width=\"768\" height=\"1024\" data-id=\"1272\" src=\"http:\/\/rgzv-norden.de\/wp-content\/uploads\/2025\/08\/IMG-20250824-WA0027-768x1024.jpg\" alt=\"\" class=\"wp-image-1272\" srcset=\"http:\/\/rgzv-norden.de\/wp-content\/uploads\/2025\/08\/IMG-20250824-WA0027-768x1024.jpg 768w, http:\/\/rgzv-norden.de\/wp-content\/uploads\/2025\/08\/IMG-20250824-WA0027-225x300.jpg 225w, http:\/\/rgzv-norden.de\/wp-content\/uploads\/2025\/08\/IMG-20250824-WA0027-1152x1536.jpg 1152w, http:\/\/rgzv-norden.de\/wp-content\/uploads\/2025\/08\/IMG-20250824-WA0027.jpg 1500w\" sizes=\"(max-width: 768px) 100vw, 768px\" \/><\/figure>\n\n\n\n<figure class=\"wp-block-image size-large\"><img loading=\"lazy\" decoding=\"async\" width=\"768\" height=\"1024\" data-id=\"1276\" src=\"http:\/\/rgzv-norden.de\/wp-content\/uploads\/2025\/08\/IMG-20250824-WA0033-768x1024.jpg\" alt=\"\" class=\"wp-image-1276\" srcset=\"http:\/\/rgzv-norden.de\/wp-content\/uploads\/2025\/08\/IMG-20250824-WA0033-768x1024.jpg 768w, http:\/\/rgzv-norden.de\/wp-content\/uploads\/2025\/08\/IMG-20250824-WA0033-225x300.jpg 225w, http:\/\/rgzv-norden.de\/wp-content\/uploads\/2025\/08\/IMG-20250824-WA0033-1152x1536.jpg 1152w, http:\/\/rgzv-norden.de\/wp-content\/uploads\/2025\/08\/IMG-20250824-WA0033.jpg 1500w\" sizes=\"(max-width: 768px) 100vw, 768px\" \/><\/figure>\n\n\n\n<figure class=\"wp-block-image size-large\"><img loading=\"lazy\" decoding=\"async\" width=\"768\" height=\"1024\" data-id=\"1277\" src=\"http:\/\/rgzv-norden.de\/wp-content\/uploads\/2025\/08\/IMG-20250824-WA0036-768x1024.jpg\" alt=\"\" class=\"wp-image-1277\" srcset=\"http:\/\/rgzv-norden.de\/wp-content\/uploads\/2025\/08\/IMG-20250824-WA0036-768x1024.jpg 768w, http:\/\/rgzv-norden.de\/wp-content\/uploads\/2025\/08\/IMG-20250824-WA0036-225x300.jpg 225w, http:\/\/rgzv-norden.de\/wp-content\/uploads\/2025\/08\/IMG-20250824-WA0036-1152x1536.jpg 1152w, http:\/\/rgzv-norden.de\/wp-content\/uploads\/2025\/08\/IMG-20250824-WA0036.jpg 1500w\" sizes=\"(max-width: 768px) 100vw, 768px\" \/><\/figure>\n\n\n\n<figure class=\"wp-block-image size-large\"><img loading=\"lazy\" decoding=\"async\" width=\"768\" height=\"1024\" data-id=\"1279\" src=\"http:\/\/rgzv-norden.de\/wp-content\/uploads\/2025\/08\/IMG-20250824-WA0035-768x1024.jpg\" alt=\"\" class=\"wp-image-1279\" srcset=\"http:\/\/rgzv-norden.de\/wp-content\/uploads\/2025\/08\/IMG-20250824-WA0035-768x1024.jpg 768w, http:\/\/rgzv-norden.de\/wp-content\/uploads\/2025\/08\/IMG-20250824-WA0035-225x300.jpg 225w, http:\/\/rgzv-norden.de\/wp-content\/uploads\/2025\/08\/IMG-20250824-WA0035-1152x1536.jpg 1152w, http:\/\/rgzv-norden.de\/wp-content\/uploads\/2025\/08\/IMG-20250824-WA0035.jpg 1500w\" sizes=\"(max-width: 768px) 100vw, 768px\" \/><\/figure>\n\n\n\n<figure class=\"wp-block-image size-large\"><img loading=\"lazy\" decoding=\"async\" width=\"768\" height=\"1024\" data-id=\"1278\" src=\"http:\/\/rgzv-norden.de\/wp-content\/uploads\/2025\/08\/IMG-20250824-WA0030-768x1024.jpg\" alt=\"\" class=\"wp-image-1278\" srcset=\"http:\/\/rgzv-norden.de\/wp-content\/uploads\/2025\/08\/IMG-20250824-WA0030-768x1024.jpg 768w, http:\/\/rgzv-norden.de\/wp-content\/uploads\/2025\/08\/IMG-20250824-WA0030-225x300.jpg 225w, http:\/\/rgzv-norden.de\/wp-content\/uploads\/2025\/08\/IMG-20250824-WA0030-1152x1536.jpg 1152w, http:\/\/rgzv-norden.de\/wp-content\/uploads\/2025\/08\/IMG-20250824-WA0030.jpg 1500w\" sizes=\"(max-width: 768px) 100vw, 768px\" \/><\/figure>\n\n\n\n<figure class=\"wp-block-image size-large\"><img loading=\"lazy\" decoding=\"async\" width=\"768\" height=\"1024\" data-id=\"1280\" src=\"http:\/\/rgzv-norden.de\/wp-content\/uploads\/2025\/08\/IMG-20250824-WA0031-768x1024.jpg\" alt=\"\" class=\"wp-image-1280\" srcset=\"http:\/\/rgzv-norden.de\/wp-content\/uploads\/2025\/08\/IMG-20250824-WA0031-768x1024.jpg 768w, http:\/\/rgzv-norden.de\/wp-content\/uploads\/2025\/08\/IMG-20250824-WA0031-225x300.jpg 225w, http:\/\/rgzv-norden.de\/wp-content\/uploads\/2025\/08\/IMG-20250824-WA0031-1152x1536.jpg 1152w, http:\/\/rgzv-norden.de\/wp-content\/uploads\/2025\/08\/IMG-20250824-WA0031.jpg 1500w\" sizes=\"(max-width: 768px) 100vw, 768px\" \/><\/figure>\n\n\n\n<figure class=\"wp-block-image size-large\"><img loading=\"lazy\" decoding=\"async\" width=\"768\" height=\"1024\" data-id=\"1283\" src=\"http:\/\/rgzv-norden.de\/wp-content\/uploads\/2025\/08\/IMG-20250824-WA0022-768x1024.jpg\" alt=\"\" class=\"wp-image-1283\" srcset=\"http:\/\/rgzv-norden.de\/wp-content\/uploads\/2025\/08\/IMG-20250824-WA0022-768x1024.jpg 768w, http:\/\/rgzv-norden.de\/wp-content\/uploads\/2025\/08\/IMG-20250824-WA0022-225x300.jpg 225w, http:\/\/rgzv-norden.de\/wp-content\/uploads\/2025\/08\/IMG-20250824-WA0022-1152x1536.jpg 1152w, http:\/\/rgzv-norden.de\/wp-content\/uploads\/2025\/08\/IMG-20250824-WA0022.jpg 1500w\" sizes=\"(max-width: 768px) 100vw, 768px\" \/><\/figure>\n\n\n\n<figure class=\"wp-block-image size-large\"><img loading=\"lazy\" decoding=\"async\" width=\"768\" height=\"1024\" data-id=\"1282\" src=\"http:\/\/rgzv-norden.de\/wp-content\/uploads\/2025\/08\/IMG-20250824-WA0034-768x1024.jpg\" alt=\"\" class=\"wp-image-1282\" srcset=\"http:\/\/rgzv-norden.de\/wp-content\/uploads\/2025\/08\/IMG-20250824-WA0034-768x1024.jpg 768w, http:\/\/rgzv-norden.de\/wp-content\/uploads\/2025\/08\/IMG-20250824-WA0034-225x300.jpg 225w, http:\/\/rgzv-norden.de\/wp-content\/uploads\/2025\/08\/IMG-20250824-WA0034-1152x1536.jpg 1152w, http:\/\/rgzv-norden.de\/wp-content\/uploads\/2025\/08\/IMG-20250824-WA0034.jpg 1500w\" sizes=\"(max-width: 768px) 100vw, 768px\" \/><\/figure>\n\n\n\n<figure class=\"wp-block-image size-large\"><img loading=\"lazy\" decoding=\"async\" width=\"768\" height=\"1024\" data-id=\"1286\" src=\"http:\/\/rgzv-norden.de\/wp-content\/uploads\/2025\/08\/IMG-20250824-WA0019-768x1024.jpg\" alt=\"\" class=\"wp-image-1286\" srcset=\"http:\/\/rgzv-norden.de\/wp-content\/uploads\/2025\/08\/IMG-20250824-WA0019-768x1024.jpg 768w, http:\/\/rgzv-norden.de\/wp-content\/uploads\/2025\/08\/IMG-20250824-WA0019-225x300.jpg 225w, http:\/\/rgzv-norden.de\/wp-content\/uploads\/2025\/08\/IMG-20250824-WA0019-1152x1536.jpg 1152w, http:\/\/rgzv-norden.de\/wp-content\/uploads\/2025\/08\/IMG-20250824-WA0019.jpg 1500w\" sizes=\"(max-width: 768px) 100vw, 768px\" \/><\/figure>\n\n\n\n<figure class=\"wp-block-image size-large\"><img loading=\"lazy\" decoding=\"async\" width=\"768\" height=\"1024\" data-id=\"1284\" src=\"http:\/\/rgzv-norden.de\/wp-content\/uploads\/2025\/08\/IMG-20250824-WA0020-768x1024.jpg\" alt=\"\" class=\"wp-image-1284\" srcset=\"http:\/\/rgzv-norden.de\/wp-content\/uploads\/2025\/08\/IMG-20250824-WA0020-768x1024.jpg 768w, http:\/\/rgzv-norden.de\/wp-content\/uploads\/2025\/08\/IMG-20250824-WA0020-225x300.jpg 225w, http:\/\/rgzv-norden.de\/wp-content\/uploads\/2025\/08\/IMG-20250824-WA0020-1152x1536.jpg 1152w, http:\/\/rgzv-norden.de\/wp-content\/uploads\/2025\/08\/IMG-20250824-WA0020.jpg 1500w\" sizes=\"(max-width: 768px) 100vw, 768px\" \/><\/figure>\n\n\n\n<figure class=\"wp-block-image size-large\"><img loading=\"lazy\" decoding=\"async\" width=\"768\" height=\"1024\" data-id=\"1285\" src=\"http:\/\/rgzv-norden.de\/wp-content\/uploads\/2025\/08\/IMG-20250824-WA0032-768x1024.jpg\" alt=\"\" class=\"wp-image-1285\" srcset=\"http:\/\/rgzv-norden.de\/wp-content\/uploads\/2025\/08\/IMG-20250824-WA0032-768x1024.jpg 768w, http:\/\/rgzv-norden.de\/wp-content\/uploads\/2025\/08\/IMG-20250824-WA0032-225x300.jpg 225w, http:\/\/rgzv-norden.de\/wp-content\/uploads\/2025\/08\/IMG-20250824-WA0032-1152x1536.jpg 1152w, http:\/\/rgzv-norden.de\/wp-content\/uploads\/2025\/08\/IMG-20250824-WA0032.jpg 1500w\" sizes=\"(max-width: 768px) 100vw, 768px\" \/><\/figure>\n\n\n\n<figure class=\"wp-block-image size-large\"><img loading=\"lazy\" decoding=\"async\" width=\"768\" height=\"1024\" data-id=\"1288\" src=\"http:\/\/rgzv-norden.de\/wp-content\/uploads\/2025\/08\/IMG-20250824-WA0025-768x1024.jpg\" alt=\"\" class=\"wp-image-1288\" srcset=\"http:\/\/rgzv-norden.de\/wp-content\/uploads\/2025\/08\/IMG-20250824-WA0025-768x1024.jpg 768w, http:\/\/rgzv-norden.de\/wp-content\/uploads\/2025\/08\/IMG-20250824-WA0025-225x300.jpg 225w, http:\/\/rgzv-norden.de\/wp-content\/uploads\/2025\/08\/IMG-20250824-WA0025-1152x1536.jpg 1152w, http:\/\/rgzv-norden.de\/wp-content\/uploads\/2025\/08\/IMG-20250824-WA0025.jpg 1500w\" sizes=\"(max-width: 768px) 100vw, 768px\" \/><\/figure>\n\n\n\n<figure class=\"wp-block-image size-large\"><img loading=\"lazy\" decoding=\"async\" width=\"1024\" height=\"577\" data-id=\"1290\" src=\"http:\/\/rgzv-norden.de\/wp-content\/uploads\/2025\/08\/20250824_103742-1024x577.jpg\" alt=\"\" class=\"wp-image-1290\" srcset=\"http:\/\/rgzv-norden.de\/wp-content\/uploads\/2025\/08\/20250824_103742-1024x577.jpg 1024w, http:\/\/rgzv-norden.de\/wp-content\/uploads\/2025\/08\/20250824_103742-300x169.jpg 300w, http:\/\/rgzv-norden.de\/wp-content\/uploads\/2025\/08\/20250824_103742-768x432.jpg 768w, http:\/\/rgzv-norden.de\/wp-content\/uploads\/2025\/08\/20250824_103742-1280x720.jpg 1280w, http:\/\/rgzv-norden.de\/wp-content\/uploads\/2025\/08\/20250824_103742-1536x865.jpg 1536w, http:\/\/rgzv-norden.de\/wp-content\/uploads\/2025\/08\/20250824_103742-2048x1153.jpg 2048w\" sizes=\"(max-width: 1024px) 100vw, 1024px\" \/><\/figure>\n<\/figure>\n","protected":false},"excerpt":{"rendered":"<p>Wenn die H\u00e4hne z\u00e4hlen: Das Kr\u00e4herfest in Norden Norden, Sonntagvormittag. W\u00e4hrend anderswo das Wochenende noch im Kaffeebecher schlummert, hallt es hier schon 239&#8230;<\/p>\n","protected":false},"author":1,"featured_media":0,"parent":947,"menu_order":-3,"comment_status":"closed","ping_status":"closed","template":"","meta":{"footnotes":""},"class_list":["post-1267","page","type-page","status-publish","hentry"],"_links":{"self":[{"href":"http:\/\/rgzv-norden.de\/index.php?rest_route=\/wp\/v2\/pages\/1267"}],"collection":[{"href":"http:\/\/rgzv-norden.de\/index.php?rest_route=\/wp\/v2\/pages"}],"about":[{"href":"http:\/\/rgzv-norden.de\/index.php?rest_route=\/wp\/v2\/types\/page"}],"author":[{"embeddable":true,"href":"http:\/\/rgzv-norden.de\/index.php?rest_route=\/wp\/v2\/users\/1"}],"replies":[{"embeddable":true,"href":"http:\/\/rgzv-norden.de\/index.php?rest_route=%2Fwp%2Fv2%2Fcomments&post=1267"}],"version-history":[{"count":1,"href":"http:\/\/rgzv-norden.de\/index.php?rest_route=\/wp\/v2\/pages\/1267\/revisions"}],"predecessor-version":[{"id":1292,"href":"http:\/\/rgzv-norden.de\/index.php?rest_route=\/wp\/v2\/pages\/1267\/revisions\/1292"}],"up":[{"embeddable":true,"href":"http:\/\/rgzv-norden.de\/index.php?rest_route=\/wp\/v2\/pages\/947"}],"wp:attachment":[{"href":"http:\/\/rgzv-norden.de\/index.php?rest_route=%2Fwp%2Fv2%2Fmedia&parent=1267"}],"curies":[{"name":"wp","href":"https:\/\/api.w.org\/{rel}","templated":true}]}}