{"id":214,"date":"2018-06-11T10:20:21","date_gmt":"2018-06-11T10:20:21","guid":{"rendered":"http:\/\/rgzv-norden.de\/?page_id=214"},"modified":"2025-01-15T12:21:42","modified_gmt":"2025-01-15T12:21:42","slug":"jugend","status":"publish","type":"page","link":"http:\/\/rgzv-norden.de\/?page_id=214","title":{"rendered":"Jugend"},"content":{"rendered":"\n<p>Die Jugend an die Gefl\u00fcgelzucht heranzuf\u00fchren liegt uns sehr am Herzen und wir freuen uns \u00fcber jedes neue Mitglied in unserer Jugendgruppe. <\/p>\n\n\n\n<p><\/p>\n\n\n\n<p>Aktuell geh\u00f6ren zur Jugendgruppe:<\/p>\n\n\n\n<p>Pia Siemers<\/p>\n\n\n\n<p>Lea Siemens<\/p>\n\n\n\n<p>Hermine Schmidt<\/p>\n\n\n\n<p>Marlon Ambra\u00df<\/p>\n\n\n\n<p>Melissa Ambra\u00df<\/p>\n\n\n\n<p>Marius Ambra\u00df<\/p>\n\n\n\n<p>Isabella Carboni<\/p>\n\n\n\n<p>Lisa Kremer<\/p>\n\n\n\n<p>Erik Hintz<\/p>\n","protected":false},"excerpt":{"rendered":"<p>Die Jugend an die Gefl\u00fcgelzucht heranzuf\u00fchren liegt uns sehr am Herzen und wir freuen uns \u00fcber jedes neue Mitglied in unserer Jugendgruppe. Aktuell&#8230;<\/p>\n","protected":false},"author":1,"featured_media":0,"parent":0,"menu_order":3,"comment_status":"closed","ping_status":"closed","template":"","meta":{"footnotes":""},"class_list":["post-214","page","type-page","status-publish","hentry"],"_links":{"self":[{"href":"http:\/\/rgzv-norden.de\/index.php?rest_route=\/wp\/v2\/pages\/214"}],"collection":[{"href":"http:\/\/rgzv-norden.de\/index.php?rest_route=\/wp\/v2\/pages"}],"about":[{"href":"http:\/\/rgzv-norden.de\/index.php?rest_route=\/wp\/v2\/types\/page"}],"author":[{"embeddable":true,"href":"http:\/\/rgzv-norden.de\/index.php?rest_route=\/wp\/v2\/users\/1"}],"replies":[{"embeddable":true,"href":"http:\/\/rgzv-norden.de\/index.php?rest_route=%2Fwp%2Fv2%2Fcomments&post=214"}],"version-history":[{"count":6,"href":"http:\/\/rgzv-norden.de\/index.php?rest_route=\/wp\/v2\/pages\/214\/revisions"}],"predecessor-version":[{"id":1210,"href":"http:\/\/rgzv-norden.de\/index.php?rest_route=\/wp\/v2\/pages\/214\/revisions\/1210"}],"wp:attachment":[{"href":"http:\/\/rgzv-norden.de\/index.php?rest_route=%2Fwp%2Fv2%2Fmedia&parent=214"}],"curies":[{"name":"wp","href":"https:\/\/api.w.org\/{rel}","templated":true}]}}