{"id":400,"date":"2019-11-05T16:23:06","date_gmt":"2019-11-05T16:23:06","guid":{"rendered":"http:\/\/rgzv-norden.de\/?page_id=400"},"modified":"2024-09-04T12:39:37","modified_gmt":"2024-09-04T12:39:37","slug":"mitglied-werden","status":"publish","type":"page","link":"http:\/\/rgzv-norden.de\/?page_id=400","title":{"rendered":"Mitglied werden"},"content":{"rendered":"\n<p class=\"has-vivid-cyan-blue-color has-text-color has-medium-font-size\">Werden Sie Teil unserer Gemeinschaft. Mitglied kann jeder werden. Ab 18 Jahren k\u00f6nnen Sie bei den ,,Erwachsenen&#8220; mitmischen. Kinder und Jugendliche k\u00f6nnen nat\u00fcrlich auch Mitglied werden. Daf\u00fcr haben wir extra eine Jugendgruppe. Die hier abgebildete Beitrittserkl\u00e4rung k\u00f6nnen Sie gerne ausf\u00fcllen und an <a href=\"mailto:Becker.kurtzke@t-online.de\">Becker.kurtzke@t-online.de<\/a> schicken. Bei der Monatsversammlung werden die Mitglieder \u00fcber eine Neuaufnahme informiert. Sobald Sie pers\u00f6nlich bei der Versammlung dabei sind, wird \u00fcber Ihre m\u00f6gliche Mitgliederschaft abgestimmt. <\/p>\n\n\n\n<p class=\"has-vivid-red-color has-text-color has-medium-font-size\">Jahresbeitrag: 20\u20ac<\/p>\n\n\n\n<p class=\"has-vivid-red-color has-text-color has-medium-font-size\">Die Monatsversammlung ist jeden zweiten Freitag um 20:00 Uhr im Monat im Haus der Vereine Norden.<\/p>\n\n\n\n<div class=\"wp-block-file\"><a href=\"http:\/\/rgzv-norden.de\/wp-content\/uploads\/2019\/11\/2019-11-05_154943.pdf\">Aufnahmeantrag&#8230;<\/a><a href=\"http:\/\/rgzv-norden.de\/wp-content\/uploads\/2019\/11\/2019-11-05_154943.pdf\" class=\"wp-block-file__button wp-element-button\" download>Herunterladen<\/a><\/div>\n\n\n\n<figure class=\"wp-block-image\"><img loading=\"lazy\" decoding=\"async\" width=\"752\" height=\"1024\" src=\"http:\/\/rgzv-norden.de\/wp-content\/uploads\/2019\/11\/18F8861E-36D0-4600-BD0A-17AB315481E3-752x1024.jpeg\" alt=\"\" class=\"wp-image-402\" srcset=\"http:\/\/rgzv-norden.de\/wp-content\/uploads\/2019\/11\/18F8861E-36D0-4600-BD0A-17AB315481E3-752x1024.jpeg 752w, http:\/\/rgzv-norden.de\/wp-content\/uploads\/2019\/11\/18F8861E-36D0-4600-BD0A-17AB315481E3-220x300.jpeg 220w, http:\/\/rgzv-norden.de\/wp-content\/uploads\/2019\/11\/18F8861E-36D0-4600-BD0A-17AB315481E3-768x1046.jpeg 768w, http:\/\/rgzv-norden.de\/wp-content\/uploads\/2019\/11\/18F8861E-36D0-4600-BD0A-17AB315481E3.jpeg 1242w\" sizes=\"(max-width: 752px) 100vw, 752px\" \/><\/figure>\n","protected":false},"excerpt":{"rendered":"<p>Werden Sie Teil unserer Gemeinschaft. Mitglied kann jeder werden. Ab 18 Jahren k\u00f6nnen Sie bei den ,,Erwachsenen&#8220; mitmischen. Kinder und Jugendliche k\u00f6nnen nat\u00fcrlich&#8230;<\/p>\n","protected":false},"author":1,"featured_media":0,"parent":0,"menu_order":5,"comment_status":"closed","ping_status":"closed","template":"","meta":{"footnotes":""},"class_list":["post-400","page","type-page","status-publish","hentry"],"_links":{"self":[{"href":"http:\/\/rgzv-norden.de\/index.php?rest_route=\/wp\/v2\/pages\/400"}],"collection":[{"href":"http:\/\/rgzv-norden.de\/index.php?rest_route=\/wp\/v2\/pages"}],"about":[{"href":"http:\/\/rgzv-norden.de\/index.php?rest_route=\/wp\/v2\/types\/page"}],"author":[{"embeddable":true,"href":"http:\/\/rgzv-norden.de\/index.php?rest_route=\/wp\/v2\/users\/1"}],"replies":[{"embeddable":true,"href":"http:\/\/rgzv-norden.de\/index.php?rest_route=%2Fwp%2Fv2%2Fcomments&post=400"}],"version-history":[{"count":11,"href":"http:\/\/rgzv-norden.de\/index.php?rest_route=\/wp\/v2\/pages\/400\/revisions"}],"predecessor-version":[{"id":975,"href":"http:\/\/rgzv-norden.de\/index.php?rest_route=\/wp\/v2\/pages\/400\/revisions\/975"}],"wp:attachment":[{"href":"http:\/\/rgzv-norden.de\/index.php?rest_route=%2Fwp%2Fv2%2Fmedia&parent=400"}],"curies":[{"name":"wp","href":"https:\/\/api.w.org\/{rel}","templated":true}]}}