{"id":816,"date":"2023-09-17T21:24:30","date_gmt":"2023-09-17T21:24:30","guid":{"rendered":"http:\/\/rgzv-norden.de\/?page_id=816"},"modified":"2024-12-19T16:12:47","modified_gmt":"2024-12-19T16:12:47","slug":"bosseln-2023","status":"publish","type":"page","link":"http:\/\/rgzv-norden.de\/?page_id=816","title":{"rendered":"Bo\u00dfeln 2023"},"content":{"rendered":"\n<p>Am 23.04.2023 hatten wir unser traditionelles Vereinsbo\u00dfeln. Das Wetter war auf unserer Seite und der Spa\u00df stand im Vordergrund. Nach einem ausgiebigen Bo\u00dfelvergn\u00fcgen haben wir den Tag mit einem gemeinsamen Essen in der Gastst\u00e4tte &#8222;Zur Leybucht&#8220; ausklingen lassen. <\/p>\n\n\n\n<figure class=\"wp-block-gallery columns-3 is-cropped wp-block-gallery-1 is-layout-flex wp-block-gallery-is-layout-flex\"><ul class=\"blocks-gallery-grid\"><li class=\"blocks-gallery-item\"><figure><img loading=\"lazy\" decoding=\"async\" width=\"768\" height=\"1024\" src=\"http:\/\/rgzv-norden.de\/wp-content\/uploads\/2023\/09\/IMG-20230423-WA0009-768x1024.jpg\" alt=\"\" data-id=\"817\" data-full-url=\"http:\/\/rgzv-norden.de\/wp-content\/uploads\/2023\/09\/IMG-20230423-WA0009.jpg\" data-link=\"http:\/\/rgzv-norden.de\/?attachment_id=817\" class=\"wp-image-817\" srcset=\"http:\/\/rgzv-norden.de\/wp-content\/uploads\/2023\/09\/IMG-20230423-WA0009-768x1024.jpg 768w, http:\/\/rgzv-norden.de\/wp-content\/uploads\/2023\/09\/IMG-20230423-WA0009-225x300.jpg 225w, http:\/\/rgzv-norden.de\/wp-content\/uploads\/2023\/09\/IMG-20230423-WA0009.jpg 991w\" sizes=\"(max-width: 768px) 100vw, 768px\" \/><\/figure><\/li><li class=\"blocks-gallery-item\"><figure><img loading=\"lazy\" decoding=\"async\" width=\"768\" height=\"1024\" src=\"http:\/\/rgzv-norden.de\/wp-content\/uploads\/2023\/09\/IMG-20230423-WA0010-768x1024.jpg\" alt=\"\" data-id=\"818\" data-full-url=\"http:\/\/rgzv-norden.de\/wp-content\/uploads\/2023\/09\/IMG-20230423-WA0010.jpg\" data-link=\"http:\/\/rgzv-norden.de\/?attachment_id=818\" class=\"wp-image-818\" srcset=\"http:\/\/rgzv-norden.de\/wp-content\/uploads\/2023\/09\/IMG-20230423-WA0010-768x1024.jpg 768w, http:\/\/rgzv-norden.de\/wp-content\/uploads\/2023\/09\/IMG-20230423-WA0010-225x300.jpg 225w, http:\/\/rgzv-norden.de\/wp-content\/uploads\/2023\/09\/IMG-20230423-WA0010-1152x1536.jpg 1152w, http:\/\/rgzv-norden.de\/wp-content\/uploads\/2023\/09\/IMG-20230423-WA0010.jpg 1200w\" sizes=\"(max-width: 768px) 100vw, 768px\" \/><\/figure><\/li><li class=\"blocks-gallery-item\"><figure><img loading=\"lazy\" decoding=\"async\" width=\"768\" height=\"1024\" src=\"http:\/\/rgzv-norden.de\/wp-content\/uploads\/2023\/09\/IMG-20230423-WA0011-768x1024.jpg\" alt=\"\" data-id=\"819\" data-full-url=\"http:\/\/rgzv-norden.de\/wp-content\/uploads\/2023\/09\/IMG-20230423-WA0011.jpg\" data-link=\"http:\/\/rgzv-norden.de\/?attachment_id=819\" class=\"wp-image-819\" srcset=\"http:\/\/rgzv-norden.de\/wp-content\/uploads\/2023\/09\/IMG-20230423-WA0011-768x1024.jpg 768w, http:\/\/rgzv-norden.de\/wp-content\/uploads\/2023\/09\/IMG-20230423-WA0011-225x300.jpg 225w, http:\/\/rgzv-norden.de\/wp-content\/uploads\/2023\/09\/IMG-20230423-WA0011-1152x1536.jpg 1152w, http:\/\/rgzv-norden.de\/wp-content\/uploads\/2023\/09\/IMG-20230423-WA0011.jpg 1200w\" sizes=\"(max-width: 768px) 100vw, 768px\" \/><\/figure><\/li><li class=\"blocks-gallery-item\"><figure><img loading=\"lazy\" decoding=\"async\" width=\"768\" height=\"1024\" src=\"http:\/\/rgzv-norden.de\/wp-content\/uploads\/2023\/09\/IMG-20230423-WA0012-768x1024.jpg\" alt=\"\" data-id=\"821\" data-full-url=\"http:\/\/rgzv-norden.de\/wp-content\/uploads\/2023\/09\/IMG-20230423-WA0012.jpg\" data-link=\"http:\/\/rgzv-norden.de\/?attachment_id=821\" class=\"wp-image-821\" srcset=\"http:\/\/rgzv-norden.de\/wp-content\/uploads\/2023\/09\/IMG-20230423-WA0012-768x1024.jpg 768w, http:\/\/rgzv-norden.de\/wp-content\/uploads\/2023\/09\/IMG-20230423-WA0012-225x300.jpg 225w, http:\/\/rgzv-norden.de\/wp-content\/uploads\/2023\/09\/IMG-20230423-WA0012.jpg 976w\" sizes=\"(max-width: 768px) 100vw, 768px\" \/><\/figure><\/li><li class=\"blocks-gallery-item\"><figure><img loading=\"lazy\" decoding=\"async\" width=\"768\" height=\"1024\" src=\"http:\/\/rgzv-norden.de\/wp-content\/uploads\/2023\/09\/IMG-20230423-WA0018-768x1024.jpg\" alt=\"\" data-id=\"823\" data-full-url=\"http:\/\/rgzv-norden.de\/wp-content\/uploads\/2023\/09\/IMG-20230423-WA0018.jpg\" data-link=\"http:\/\/rgzv-norden.de\/?attachment_id=823\" class=\"wp-image-823\" srcset=\"http:\/\/rgzv-norden.de\/wp-content\/uploads\/2023\/09\/IMG-20230423-WA0018-768x1024.jpg 768w, http:\/\/rgzv-norden.de\/wp-content\/uploads\/2023\/09\/IMG-20230423-WA0018-225x300.jpg 225w, http:\/\/rgzv-norden.de\/wp-content\/uploads\/2023\/09\/IMG-20230423-WA0018-1152x1536.jpg 1152w, http:\/\/rgzv-norden.de\/wp-content\/uploads\/2023\/09\/IMG-20230423-WA0018.jpg 1176w\" sizes=\"(max-width: 768px) 100vw, 768px\" \/><\/figure><\/li><li class=\"blocks-gallery-item\"><figure><img loading=\"lazy\" decoding=\"async\" width=\"768\" height=\"1024\" src=\"http:\/\/rgzv-norden.de\/wp-content\/uploads\/2023\/09\/IMG-20230423-WA0019-768x1024.jpg\" alt=\"\" data-id=\"824\" data-full-url=\"http:\/\/rgzv-norden.de\/wp-content\/uploads\/2023\/09\/IMG-20230423-WA0019.jpg\" data-link=\"http:\/\/rgzv-norden.de\/?attachment_id=824\" class=\"wp-image-824\" srcset=\"http:\/\/rgzv-norden.de\/wp-content\/uploads\/2023\/09\/IMG-20230423-WA0019-768x1024.jpg 768w, http:\/\/rgzv-norden.de\/wp-content\/uploads\/2023\/09\/IMG-20230423-WA0019-225x300.jpg 225w, http:\/\/rgzv-norden.de\/wp-content\/uploads\/2023\/09\/IMG-20230423-WA0019-1152x1536.jpg 1152w, http:\/\/rgzv-norden.de\/wp-content\/uploads\/2023\/09\/IMG-20230423-WA0019.jpg 1200w\" sizes=\"(max-width: 768px) 100vw, 768px\" \/><\/figure><\/li><li class=\"blocks-gallery-item\"><figure><img loading=\"lazy\" decoding=\"async\" width=\"768\" height=\"1024\" src=\"http:\/\/rgzv-norden.de\/wp-content\/uploads\/2023\/09\/IMG-20230423-WA0021-768x1024.jpg\" alt=\"\" data-id=\"825\" data-full-url=\"http:\/\/rgzv-norden.de\/wp-content\/uploads\/2023\/09\/IMG-20230423-WA0021.jpg\" data-link=\"http:\/\/rgzv-norden.de\/?attachment_id=825\" class=\"wp-image-825\" srcset=\"http:\/\/rgzv-norden.de\/wp-content\/uploads\/2023\/09\/IMG-20230423-WA0021-768x1024.jpg 768w, http:\/\/rgzv-norden.de\/wp-content\/uploads\/2023\/09\/IMG-20230423-WA0021-225x300.jpg 225w, http:\/\/rgzv-norden.de\/wp-content\/uploads\/2023\/09\/IMG-20230423-WA0021-1152x1536.jpg 1152w, http:\/\/rgzv-norden.de\/wp-content\/uploads\/2023\/09\/IMG-20230423-WA0021.jpg 1200w\" sizes=\"(max-width: 768px) 100vw, 768px\" \/><\/figure><\/li><li class=\"blocks-gallery-item\"><figure><img loading=\"lazy\" decoding=\"async\" width=\"768\" height=\"1024\" src=\"http:\/\/rgzv-norden.de\/wp-content\/uploads\/2023\/09\/IMG-20230423-WA0022-768x1024.jpg\" alt=\"\" data-id=\"826\" data-full-url=\"http:\/\/rgzv-norden.de\/wp-content\/uploads\/2023\/09\/IMG-20230423-WA0022.jpg\" data-link=\"http:\/\/rgzv-norden.de\/?attachment_id=826\" class=\"wp-image-826\" srcset=\"http:\/\/rgzv-norden.de\/wp-content\/uploads\/2023\/09\/IMG-20230423-WA0022-768x1024.jpg 768w, http:\/\/rgzv-norden.de\/wp-content\/uploads\/2023\/09\/IMG-20230423-WA0022-225x300.jpg 225w, http:\/\/rgzv-norden.de\/wp-content\/uploads\/2023\/09\/IMG-20230423-WA0022-1152x1536.jpg 1152w, http:\/\/rgzv-norden.de\/wp-content\/uploads\/2023\/09\/IMG-20230423-WA0022.jpg 1200w\" sizes=\"(max-width: 768px) 100vw, 768px\" \/><\/figure><\/li><li class=\"blocks-gallery-item\"><figure><img loading=\"lazy\" decoding=\"async\" width=\"767\" height=\"1024\" src=\"http:\/\/rgzv-norden.de\/wp-content\/uploads\/2023\/09\/IMG-20230423-WA0023-767x1024.jpg\" alt=\"\" data-id=\"827\" data-full-url=\"http:\/\/rgzv-norden.de\/wp-content\/uploads\/2023\/09\/IMG-20230423-WA0023.jpg\" data-link=\"http:\/\/rgzv-norden.de\/?attachment_id=827\" class=\"wp-image-827\" srcset=\"http:\/\/rgzv-norden.de\/wp-content\/uploads\/2023\/09\/IMG-20230423-WA0023-767x1024.jpg 767w, http:\/\/rgzv-norden.de\/wp-content\/uploads\/2023\/09\/IMG-20230423-WA0023-225x300.jpg 225w, http:\/\/rgzv-norden.de\/wp-content\/uploads\/2023\/09\/IMG-20230423-WA0023-768x1025.jpg 768w, http:\/\/rgzv-norden.de\/wp-content\/uploads\/2023\/09\/IMG-20230423-WA0023.jpg 1140w\" sizes=\"(max-width: 767px) 100vw, 767px\" \/><\/figure><\/li><li class=\"blocks-gallery-item\"><figure><img loading=\"lazy\" decoding=\"async\" width=\"768\" height=\"1024\" src=\"http:\/\/rgzv-norden.de\/wp-content\/uploads\/2023\/09\/IMG-20230423-WA0001-768x1024.jpg\" alt=\"\" data-id=\"828\" data-full-url=\"http:\/\/rgzv-norden.de\/wp-content\/uploads\/2023\/09\/IMG-20230423-WA0001.jpg\" data-link=\"http:\/\/rgzv-norden.de\/?attachment_id=828\" class=\"wp-image-828\" srcset=\"http:\/\/rgzv-norden.de\/wp-content\/uploads\/2023\/09\/IMG-20230423-WA0001-768x1024.jpg 768w, http:\/\/rgzv-norden.de\/wp-content\/uploads\/2023\/09\/IMG-20230423-WA0001-225x300.jpg 225w, http:\/\/rgzv-norden.de\/wp-content\/uploads\/2023\/09\/IMG-20230423-WA0001-1152x1536.jpg 1152w, http:\/\/rgzv-norden.de\/wp-content\/uploads\/2023\/09\/IMG-20230423-WA0001.jpg 1500w\" sizes=\"(max-width: 768px) 100vw, 768px\" \/><\/figure><\/li><li class=\"blocks-gallery-item\"><figure><img loading=\"lazy\" decoding=\"async\" width=\"768\" height=\"1024\" src=\"http:\/\/rgzv-norden.de\/wp-content\/uploads\/2023\/09\/IMG-20230423-WA0002-768x1024.jpg\" alt=\"\" data-id=\"829\" data-full-url=\"http:\/\/rgzv-norden.de\/wp-content\/uploads\/2023\/09\/IMG-20230423-WA0002.jpg\" data-link=\"http:\/\/rgzv-norden.de\/?attachment_id=829\" class=\"wp-image-829\" srcset=\"http:\/\/rgzv-norden.de\/wp-content\/uploads\/2023\/09\/IMG-20230423-WA0002-768x1024.jpg 768w, http:\/\/rgzv-norden.de\/wp-content\/uploads\/2023\/09\/IMG-20230423-WA0002-225x300.jpg 225w, http:\/\/rgzv-norden.de\/wp-content\/uploads\/2023\/09\/IMG-20230423-WA0002-1152x1536.jpg 1152w, http:\/\/rgzv-norden.de\/wp-content\/uploads\/2023\/09\/IMG-20230423-WA0002.jpg 1200w\" sizes=\"(max-width: 768px) 100vw, 768px\" \/><\/figure><\/li><li class=\"blocks-gallery-item\"><figure><img loading=\"lazy\" decoding=\"async\" width=\"768\" height=\"1024\" src=\"http:\/\/rgzv-norden.de\/wp-content\/uploads\/2023\/09\/IMG-20230423-WA0003-768x1024.jpg\" alt=\"\" data-id=\"830\" data-full-url=\"http:\/\/rgzv-norden.de\/wp-content\/uploads\/2023\/09\/IMG-20230423-WA0003.jpg\" data-link=\"http:\/\/rgzv-norden.de\/?attachment_id=830\" class=\"wp-image-830\" srcset=\"http:\/\/rgzv-norden.de\/wp-content\/uploads\/2023\/09\/IMG-20230423-WA0003-768x1024.jpg 768w, http:\/\/rgzv-norden.de\/wp-content\/uploads\/2023\/09\/IMG-20230423-WA0003-225x300.jpg 225w, http:\/\/rgzv-norden.de\/wp-content\/uploads\/2023\/09\/IMG-20230423-WA0003-1152x1536.jpg 1152w, http:\/\/rgzv-norden.de\/wp-content\/uploads\/2023\/09\/IMG-20230423-WA0003.jpg 1200w\" sizes=\"(max-width: 768px) 100vw, 768px\" \/><\/figure><\/li><\/ul><\/figure>\n\n\n\n<figure class=\"wp-block-gallery columns-2 is-cropped wp-block-gallery-2 is-layout-flex wp-block-gallery-is-layout-flex\"><ul class=\"blocks-gallery-grid\"><li class=\"blocks-gallery-item\"><figure><img loading=\"lazy\" decoding=\"async\" width=\"768\" height=\"1024\" src=\"http:\/\/rgzv-norden.de\/wp-content\/uploads\/2023\/09\/IMG-20230423-WA0006-768x1024.jpg\" alt=\"\" data-id=\"820\" data-full-url=\"http:\/\/rgzv-norden.de\/wp-content\/uploads\/2023\/09\/IMG-20230423-WA0006.jpg\" data-link=\"http:\/\/rgzv-norden.de\/?attachment_id=820\" class=\"wp-image-820\" srcset=\"http:\/\/rgzv-norden.de\/wp-content\/uploads\/2023\/09\/IMG-20230423-WA0006-768x1023.jpg 768w, http:\/\/rgzv-norden.de\/wp-content\/uploads\/2023\/09\/IMG-20230423-WA0006-225x300.jpg 225w, http:\/\/rgzv-norden.de\/wp-content\/uploads\/2023\/09\/IMG-20230423-WA0006.jpg 1007w\" sizes=\"(max-width: 768px) 100vw, 768px\" \/><\/figure><\/li><li class=\"blocks-gallery-item\"><figure><img loading=\"lazy\" decoding=\"async\" width=\"767\" height=\"1024\" src=\"http:\/\/rgzv-norden.de\/wp-content\/uploads\/2023\/09\/IMG-20230423-WA0008-767x1024.jpg\" alt=\"\" data-id=\"822\" data-full-url=\"http:\/\/rgzv-norden.de\/wp-content\/uploads\/2023\/09\/IMG-20230423-WA0008.jpg\" data-link=\"http:\/\/rgzv-norden.de\/?attachment_id=822\" class=\"wp-image-822\" srcset=\"http:\/\/rgzv-norden.de\/wp-content\/uploads\/2023\/09\/IMG-20230423-WA0008-767x1024.jpg 767w, http:\/\/rgzv-norden.de\/wp-content\/uploads\/2023\/09\/IMG-20230423-WA0008-225x300.jpg 225w, http:\/\/rgzv-norden.de\/wp-content\/uploads\/2023\/09\/IMG-20230423-WA0008-768x1025.jpg 768w, http:\/\/rgzv-norden.de\/wp-content\/uploads\/2023\/09\/IMG-20230423-WA0008-1151x1536.jpg 1151w, http:\/\/rgzv-norden.de\/wp-content\/uploads\/2023\/09\/IMG-20230423-WA0008.jpg 1199w\" sizes=\"(max-width: 767px) 100vw, 767px\" \/><\/figure><\/li><\/ul><\/figure>\n","protected":false},"excerpt":{"rendered":"<p>Am 23.04.2023 hatten wir unser traditionelles Vereinsbo\u00dfeln. Das Wetter war auf unserer Seite und der Spa\u00df stand im Vordergrund. Nach einem ausgiebigen Bo\u00dfelvergn\u00fcgen&#8230;<\/p>\n","protected":false},"author":1,"featured_media":0,"parent":947,"menu_order":3,"comment_status":"closed","ping_status":"closed","template":"","meta":{"footnotes":""},"class_list":["post-816","page","type-page","status-publish","hentry"],"_links":{"self":[{"href":"http:\/\/rgzv-norden.de\/index.php?rest_route=\/wp\/v2\/pages\/816"}],"collection":[{"href":"http:\/\/rgzv-norden.de\/index.php?rest_route=\/wp\/v2\/pages"}],"about":[{"href":"http:\/\/rgzv-norden.de\/index.php?rest_route=\/wp\/v2\/types\/page"}],"author":[{"embeddable":true,"href":"http:\/\/rgzv-norden.de\/index.php?rest_route=\/wp\/v2\/users\/1"}],"replies":[{"embeddable":true,"href":"http:\/\/rgzv-norden.de\/index.php?rest_route=%2Fwp%2Fv2%2Fcomments&post=816"}],"version-history":[{"count":1,"href":"http:\/\/rgzv-norden.de\/index.php?rest_route=\/wp\/v2\/pages\/816\/revisions"}],"predecessor-version":[{"id":831,"href":"http:\/\/rgzv-norden.de\/index.php?rest_route=\/wp\/v2\/pages\/816\/revisions\/831"}],"up":[{"embeddable":true,"href":"http:\/\/rgzv-norden.de\/index.php?rest_route=\/wp\/v2\/pages\/947"}],"wp:attachment":[{"href":"http:\/\/rgzv-norden.de\/index.php?rest_route=%2Fwp%2Fv2%2Fmedia&parent=816"}],"curies":[{"name":"wp","href":"https:\/\/api.w.org\/{rel}","templated":true}]}}