{"id":915,"date":"2024-08-26T12:34:34","date_gmt":"2024-08-26T12:34:34","guid":{"rendered":"http:\/\/rgzv-norden.de\/?page_id=915"},"modified":"2024-12-19T16:11:22","modified_gmt":"2024-12-19T16:11:22","slug":"kraeherfest-2024","status":"publish","type":"page","link":"http:\/\/rgzv-norden.de\/?page_id=915","title":{"rendered":"Kr\u00e4herfest 2024"},"content":{"rendered":"\n<div class=\"wp-block-media-text alignwide is-stacked-on-mobile\"><figure class=\"wp-block-media-text__media\"><img loading=\"lazy\" decoding=\"async\" width=\"1024\" height=\"769\" src=\"http:\/\/rgzv-norden.de\/wp-content\/uploads\/2024\/08\/727aa7c984b241c2913e14bfcb7ccb2d2-2-1024x769.jpg\" alt=\"\" class=\"wp-image-928 size-full\" srcset=\"http:\/\/rgzv-norden.de\/wp-content\/uploads\/2024\/08\/727aa7c984b241c2913e14bfcb7ccb2d2-2-1024x769.jpg 1024w, http:\/\/rgzv-norden.de\/wp-content\/uploads\/2024\/08\/727aa7c984b241c2913e14bfcb7ccb2d2-2-300x225.jpg 300w, http:\/\/rgzv-norden.de\/wp-content\/uploads\/2024\/08\/727aa7c984b241c2913e14bfcb7ccb2d2-2-768x577.jpg 768w, http:\/\/rgzv-norden.de\/wp-content\/uploads\/2024\/08\/727aa7c984b241c2913e14bfcb7ccb2d2-2.jpg 1530w\" sizes=\"(max-width: 1024px) 100vw, 1024px\" \/><\/figure><div class=\"wp-block-media-text__content\">\n<p>Am vergangenen Wochenende fand das allj\u00e4hrliche Kr\u00e4herfest des Rassegefl\u00fcgelzuchtvereins (RGZV) Norden statt. Bei strahlendem Sonnenschein versammelten sich zahlreiche Mitglieder und G\u00e4ste, um das Sommerfest des Vereins zu feiern und an dem beliebten Kr\u00e4herwettbewerb teilzunehmen.<\/p>\n\n\n\n<p>Insgesamt 27 H\u00e4hne, darunter 13 Gro\u00dfrassen und 14 Kleinrassen, traten in einem spannenden Wettbewerb gegeneinander an. Ziel war es, die Kr\u00e4her jedes einzelnen Hahns innerhalb von 20 Minuten zu z\u00e4hlen und so den gr\u00f6\u00dften \u201eSchreihals\u201c des Vereins zu finden.<\/p>\n\n\n\n<p> Ca. 20 unterschiedliche Rassen waren vertreten, was die Vielfalt und das Engagement der Teilnehmer unterstrich. Insgesamt wurden 519 Kr\u00e4he gez\u00e4hlt, wobei ein Hahn bei den Gro\u00dfrassen und f\u00fcnf H\u00e4hne der Kleinrassen stumm blieben. <\/p>\n<\/div><\/div>\n\n\n\n<p>Bei den Gro\u00dfrassen konnte sich Heike Bontjes mit ihrem Vorwerk Hahn durchsetzen und den ersten Platz belegen. In der Kategorie der Kleinrassen gewann erneut der einj\u00e4hrige Tade Cassens, der bereits im letzten Jahr siegreich war, mit seinem Hahn der Rasse Englische Zwergk\u00e4mpfer. Gl\u00fccklich nahm er den Pokal entgegen, unterst\u00fctzt von seinem stolzen Papa.<\/p>\n\n\n\n<p>Auch die Jugend kam nicht zu kurz. Unter den angetretenen Jugendlichen wurde ein Pokal ausgelost, den Janno Campen und sein Brahma Hahn gewann. Eine besondere Tradition des Kr\u00e4herfests ist die Vergabe eines Glases saure Gurken an die Besitzer der stummen H\u00e4hne. Dieses Jahr gingen die Gurken an Heike Kramer und ihrem Seidenhuhn Hahn bei den Gro\u00dfrassen und bei den Kleinrassen entschied das Los und k\u00fcrte Hinrich Poppinger und seinen Zwerg-Rheinl\u00e4nder Hahn zum Sieger.<\/p>\n\n\n\n<p>Nach dem Wettbewerb wurde gemeinsam gegrillt. Dank zahlreicher Salatspenden und der guten Laune aller Anwesenden wurde das Fest zu einem vollen Erfolg. Die Sieger wurden nach dem Essen feierlich verk\u00fcndet, und alle Teilnehmer und G\u00e4ste verbrachten einen sch\u00f6nen Tag.<\/p>\n\n\n\n<p>Der RGZV Norden zeigte sich sehr zufrieden mit der Veranstaltung und der hohen Teilnehmerzahl. Das Kr\u00e4herfest war erneut ein Highlight im Vereinskalender und st\u00e4rkte das Gemeinschaftsgef\u00fchl unter den Mitgliedern.<\/p>\n\n\n\n<p>Ein Dank geht noch einmal an alle Teilnehmer und Anwesenden und die Organisatoren des diesj\u00e4hrigen Kr\u00e4herfestes.<\/p>\n\n\n\n<figure class=\"wp-block-gallery columns-1 is-cropped wp-block-gallery-1 is-layout-flex wp-block-gallery-is-layout-flex\"><ul class=\"blocks-gallery-grid\"><li class=\"blocks-gallery-item\"><figure><img loading=\"lazy\" decoding=\"async\" width=\"878\" height=\"700\" src=\"http:\/\/rgzv-norden.de\/wp-content\/uploads\/2024\/08\/IMG-20240825-WA0023.jpg\" alt=\"\" data-id=\"926\" data-full-url=\"http:\/\/rgzv-norden.de\/wp-content\/uploads\/2024\/08\/IMG-20240825-WA0023.jpg\" data-link=\"http:\/\/rgzv-norden.de\/?attachment_id=926\" class=\"wp-image-926\" srcset=\"http:\/\/rgzv-norden.de\/wp-content\/uploads\/2024\/08\/IMG-20240825-WA0023.jpg 878w, http:\/\/rgzv-norden.de\/wp-content\/uploads\/2024\/08\/IMG-20240825-WA0023-300x239.jpg 300w, http:\/\/rgzv-norden.de\/wp-content\/uploads\/2024\/08\/IMG-20240825-WA0023-768x612.jpg 768w\" sizes=\"(max-width: 878px) 100vw, 878px\" \/><\/figure><\/li><\/ul><\/figure>\n\n\n\n<p>Unsere diesj\u00e4hrigen Gewinner, von links nach rechts: Janno Campen, Heike Bontjes, Tade Cassens mit Papa Frank, Heike  Kramer und Hinrich Poppinger<\/p>\n\n\n\n<figure class=\"wp-block-gallery columns-3 is-cropped wp-block-gallery-2 is-layout-flex wp-block-gallery-is-layout-flex\"><ul class=\"blocks-gallery-grid\"><li class=\"blocks-gallery-item\"><figure><img loading=\"lazy\" decoding=\"async\" width=\"1024\" height=\"771\" src=\"http:\/\/rgzv-norden.de\/wp-content\/uploads\/2024\/08\/20240825_1236002-1-1024x771.jpg\" alt=\"\" data-id=\"933\" data-full-url=\"http:\/\/rgzv-norden.de\/wp-content\/uploads\/2024\/08\/20240825_1236002-1-scaled.jpg\" data-link=\"http:\/\/rgzv-norden.de\/?attachment_id=933\" class=\"wp-image-933\" srcset=\"http:\/\/rgzv-norden.de\/wp-content\/uploads\/2024\/08\/20240825_1236002-1-1024x771.jpg 1024w, http:\/\/rgzv-norden.de\/wp-content\/uploads\/2024\/08\/20240825_1236002-1-300x226.jpg 300w, http:\/\/rgzv-norden.de\/wp-content\/uploads\/2024\/08\/20240825_1236002-1-768x578.jpg 768w, http:\/\/rgzv-norden.de\/wp-content\/uploads\/2024\/08\/20240825_1236002-1-1536x1157.jpg 1536w, http:\/\/rgzv-norden.de\/wp-content\/uploads\/2024\/08\/20240825_1236002-1-2048x1542.jpg 2048w\" sizes=\"(max-width: 1024px) 100vw, 1024px\" \/><\/figure><\/li><li class=\"blocks-gallery-item\"><figure><img loading=\"lazy\" decoding=\"async\" width=\"1024\" height=\"771\" src=\"http:\/\/rgzv-norden.de\/wp-content\/uploads\/2024\/08\/20240825_1236392-1-1024x771.jpg\" alt=\"\" data-id=\"934\" data-full-url=\"http:\/\/rgzv-norden.de\/wp-content\/uploads\/2024\/08\/20240825_1236392-1-scaled.jpg\" data-link=\"http:\/\/rgzv-norden.de\/?attachment_id=934\" class=\"wp-image-934\" srcset=\"http:\/\/rgzv-norden.de\/wp-content\/uploads\/2024\/08\/20240825_1236392-1-1024x771.jpg 1024w, http:\/\/rgzv-norden.de\/wp-content\/uploads\/2024\/08\/20240825_1236392-1-300x226.jpg 300w, http:\/\/rgzv-norden.de\/wp-content\/uploads\/2024\/08\/20240825_1236392-1-768x578.jpg 768w, http:\/\/rgzv-norden.de\/wp-content\/uploads\/2024\/08\/20240825_1236392-1-1536x1156.jpg 1536w, http:\/\/rgzv-norden.de\/wp-content\/uploads\/2024\/08\/20240825_1236392-1-2048x1542.jpg 2048w\" sizes=\"(max-width: 1024px) 100vw, 1024px\" \/><\/figure><\/li><li class=\"blocks-gallery-item\"><figure><img loading=\"lazy\" decoding=\"async\" width=\"1024\" height=\"711\" src=\"http:\/\/rgzv-norden.de\/wp-content\/uploads\/2024\/08\/20240825_1234362-2-1024x711.jpg\" alt=\"\" data-id=\"936\" data-full-url=\"http:\/\/rgzv-norden.de\/wp-content\/uploads\/2024\/08\/20240825_1234362-2-scaled.jpg\" data-link=\"http:\/\/rgzv-norden.de\/?attachment_id=936\" class=\"wp-image-936\" srcset=\"http:\/\/rgzv-norden.de\/wp-content\/uploads\/2024\/08\/20240825_1234362-2-1024x711.jpg 1024w, http:\/\/rgzv-norden.de\/wp-content\/uploads\/2024\/08\/20240825_1234362-2-300x208.jpg 300w, http:\/\/rgzv-norden.de\/wp-content\/uploads\/2024\/08\/20240825_1234362-2-768x533.jpg 768w, http:\/\/rgzv-norden.de\/wp-content\/uploads\/2024\/08\/20240825_1234362-2-1536x1066.jpg 1536w, http:\/\/rgzv-norden.de\/wp-content\/uploads\/2024\/08\/20240825_1234362-2-2048x1421.jpg 2048w\" sizes=\"(max-width: 1024px) 100vw, 1024px\" \/><\/figure><\/li><li class=\"blocks-gallery-item\"><figure><img loading=\"lazy\" decoding=\"async\" width=\"1024\" height=\"767\" src=\"http:\/\/rgzv-norden.de\/wp-content\/uploads\/2024\/08\/1fe1dcdc073446e189f033b5157c9f762-2-1024x767.jpg\" alt=\"\" data-id=\"937\" data-full-url=\"http:\/\/rgzv-norden.de\/wp-content\/uploads\/2024\/08\/1fe1dcdc073446e189f033b5157c9f762-2.jpg\" data-link=\"http:\/\/rgzv-norden.de\/?attachment_id=937\" class=\"wp-image-937\" srcset=\"http:\/\/rgzv-norden.de\/wp-content\/uploads\/2024\/08\/1fe1dcdc073446e189f033b5157c9f762-2-1024x767.jpg 1024w, http:\/\/rgzv-norden.de\/wp-content\/uploads\/2024\/08\/1fe1dcdc073446e189f033b5157c9f762-2-300x225.jpg 300w, http:\/\/rgzv-norden.de\/wp-content\/uploads\/2024\/08\/1fe1dcdc073446e189f033b5157c9f762-2-768x576.jpg 768w, http:\/\/rgzv-norden.de\/wp-content\/uploads\/2024\/08\/1fe1dcdc073446e189f033b5157c9f762-2.jpg 1257w\" sizes=\"(max-width: 1024px) 100vw, 1024px\" \/><\/figure><\/li><\/ul><\/figure>\n","protected":false},"excerpt":{"rendered":"<p>Am vergangenen Wochenende fand das allj\u00e4hrliche Kr\u00e4herfest des Rassegefl\u00fcgelzuchtvereins (RGZV) Norden statt. Bei strahlendem Sonnenschein versammelten sich zahlreiche Mitglieder und G\u00e4ste, um das&#8230;<\/p>\n","protected":false},"author":1,"featured_media":0,"parent":947,"menu_order":1,"comment_status":"closed","ping_status":"closed","template":"","meta":{"footnotes":""},"class_list":["post-915","page","type-page","status-publish","hentry"],"_links":{"self":[{"href":"http:\/\/rgzv-norden.de\/index.php?rest_route=\/wp\/v2\/pages\/915"}],"collection":[{"href":"http:\/\/rgzv-norden.de\/index.php?rest_route=\/wp\/v2\/pages"}],"about":[{"href":"http:\/\/rgzv-norden.de\/index.php?rest_route=\/wp\/v2\/types\/page"}],"author":[{"embeddable":true,"href":"http:\/\/rgzv-norden.de\/index.php?rest_route=\/wp\/v2\/users\/1"}],"replies":[{"embeddable":true,"href":"http:\/\/rgzv-norden.de\/index.php?rest_route=%2Fwp%2Fv2%2Fcomments&post=915"}],"version-history":[{"count":8,"href":"http:\/\/rgzv-norden.de\/index.php?rest_route=\/wp\/v2\/pages\/915\/revisions"}],"predecessor-version":[{"id":945,"href":"http:\/\/rgzv-norden.de\/index.php?rest_route=\/wp\/v2\/pages\/915\/revisions\/945"}],"up":[{"embeddable":true,"href":"http:\/\/rgzv-norden.de\/index.php?rest_route=\/wp\/v2\/pages\/947"}],"wp:attachment":[{"href":"http:\/\/rgzv-norden.de\/index.php?rest_route=%2Fwp%2Fv2%2Fmedia&parent=915"}],"curies":[{"name":"wp","href":"https:\/\/api.w.org\/{rel}","templated":true}]}}